{"id":126157,"date":"2025-02-13T07:23:34","date_gmt":"2025-02-13T06:23:34","guid":{"rendered":"https:\/\/giftdecor.es\/producto\/cortina-castanha-e-transparente\/"},"modified":"2026-04-24T08:15:10","modified_gmt":"2026-04-24T06:15:10","slug":"cortina-castanha-e-transparente","status":"publish","type":"product","link":"https:\/\/giftdecor.es\/pt\/producto\/cortina-castanha-e-transparente\/","title":{"rendered":"Cortina castanha e transparente"},"content":{"rendered":"<p><span style=\"vertical-align: inherit;\"><span style=\"vertical-align: inherit;\">Cortina castanha e transparente<\/span><\/span><\/p>\n","protected":false},"excerpt":{"rendered":"<p>Cortina castanha e transparente<\/p>\n","protected":false},"featured_media":126481,"comment_status":"closed","ping_status":"open","template":"","meta":{"_acf_changed":false},"product_cat":[267,233],"product_tag":[268],"class_list":{"0":"post-126157","1":"product","2":"type-product","3":"status-publish","4":"has-post-thumbnail","6":"product_cat-cortinas-e-complementos","7":"product_cat-giftdecor-casa-textil","8":"product_tag-cortinas-e-complementos","10":"first","11":"instock","12":"product-type-external"},"acf":[],"yoast_head":"<!-- This site is optimized with the Yoast SEO plugin v23.5 - https:\/\/yoast.com\/wordpress\/plugins\/seo\/ -->\n<title>Cortina castanha e transparente - Arg\u00f3n<\/title>\n<meta name=\"robots\" content=\"index, follow, max-snippet:-1, max-image-preview:large, max-video-preview:-1\" \/>\n<link rel=\"canonical\" href=\"https:\/\/giftdecor.es\/pt\/producto\/cortina-castanha-e-transparente\/\" \/>\n<meta property=\"og:locale\" content=\"en_US\" \/>\n<meta property=\"og:type\" content=\"article\" \/>\n<meta property=\"og:title\" content=\"Cortina castanha e transparente - Arg\u00f3n\" \/>\n<meta property=\"og:description\" content=\"Cortina castanha e transparente\" \/>\n<meta property=\"og:url\" content=\"https:\/\/giftdecor.es\/pt\/producto\/cortina-castanha-e-transparente\/\" \/>\n<meta property=\"og:site_name\" content=\"Arg\u00f3n\" \/>\n<meta property=\"article:modified_time\" content=\"2026-04-24T06:15:10+00:00\" \/>\n<meta property=\"og:image\" content=\"https:\/\/giftdecor.es\/wp-content\/uploads\/11927.jpg\" \/>\n\t<meta property=\"og:image:width\" content=\"1200\" \/>\n\t<meta property=\"og:image:height\" content=\"900\" \/>\n\t<meta property=\"og:image:type\" content=\"image\/jpeg\" \/>\n<meta name=\"twitter:card\" content=\"summary_large_image\" \/>\n<script type=\"application\/ld+json\" class=\"yoast-schema-graph\">{\"@context\":\"https:\/\/schema.org\",\"@graph\":[{\"@type\":\"WebPage\",\"@id\":\"https:\/\/giftdecor.es\/pt\/producto\/cortina-castanha-e-transparente\/\",\"url\":\"https:\/\/giftdecor.es\/pt\/producto\/cortina-castanha-e-transparente\/\",\"name\":\"Cortina castanha e transparente - Arg\u00f3n\",\"isPartOf\":{\"@id\":\"https:\/\/giftdecor.es\/#website\"},\"primaryImageOfPage\":{\"@id\":\"https:\/\/giftdecor.es\/pt\/producto\/cortina-castanha-e-transparente\/#primaryimage\"},\"image\":{\"@id\":\"https:\/\/giftdecor.es\/pt\/producto\/cortina-castanha-e-transparente\/#primaryimage\"},\"thumbnailUrl\":\"https:\/\/giftdecor.es\/wp-content\/uploads\/11927.jpg\",\"datePublished\":\"2025-02-13T06:23:34+00:00\",\"dateModified\":\"2026-04-24T06:15:10+00:00\",\"breadcrumb\":{\"@id\":\"https:\/\/giftdecor.es\/pt\/producto\/cortina-castanha-e-transparente\/#breadcrumb\"},\"inLanguage\":\"pr-PT\",\"potentialAction\":[{\"@type\":\"ReadAction\",\"target\":[\"https:\/\/giftdecor.es\/pt\/producto\/cortina-castanha-e-transparente\/\"]}]},{\"@type\":\"ImageObject\",\"inLanguage\":\"pr-PT\",\"@id\":\"https:\/\/giftdecor.es\/pt\/producto\/cortina-castanha-e-transparente\/#primaryimage\",\"url\":\"https:\/\/giftdecor.es\/wp-content\/uploads\/11927.jpg\",\"contentUrl\":\"https:\/\/giftdecor.es\/wp-content\/uploads\/11927.jpg\",\"width\":1200,\"height\":900},{\"@type\":\"BreadcrumbList\",\"@id\":\"https:\/\/giftdecor.es\/pt\/producto\/cortina-castanha-e-transparente\/#breadcrumb\",\"itemListElement\":[{\"@type\":\"ListItem\",\"position\":1,\"name\":\"Portada\",\"item\":\"https:\/\/giftdecor.es\/pt\/\"},{\"@type\":\"ListItem\",\"position\":2,\"name\":\"Tienda\",\"item\":\"https:\/\/giftdecor.es\/pt\/\"},{\"@type\":\"ListItem\",\"position\":3,\"name\":\"Cortina castanha e transparente\"}]},{\"@type\":\"WebSite\",\"@id\":\"https:\/\/giftdecor.es\/#website\",\"url\":\"https:\/\/giftdecor.es\/\",\"name\":\"Arg\u00f3n\",\"description\":\"Peque\u00f1os electrodom\u00e9sticos\",\"potentialAction\":[{\"@type\":\"SearchAction\",\"target\":{\"@type\":\"EntryPoint\",\"urlTemplate\":\"https:\/\/giftdecor.es\/?s={search_term_string}\"},\"query-input\":{\"@type\":\"PropertyValueSpecification\",\"valueRequired\":true,\"valueName\":\"search_term_string\"}}],\"inLanguage\":\"pr-PT\"}]}<\/script>\n<!-- \/ Yoast SEO plugin. -->","yoast_head_json":{"title":"Cortina castanha e transparente - Arg\u00f3n","robots":{"index":"index","follow":"follow","max-snippet":"max-snippet:-1","max-image-preview":"max-image-preview:large","max-video-preview":"max-video-preview:-1"},"canonical":"https:\/\/giftdecor.es\/pt\/producto\/cortina-castanha-e-transparente\/","og_locale":"en_US","og_type":"article","og_title":"Cortina castanha e transparente - Arg\u00f3n","og_description":"Cortina castanha e transparente","og_url":"https:\/\/giftdecor.es\/pt\/producto\/cortina-castanha-e-transparente\/","og_site_name":"Arg\u00f3n","article_modified_time":"2026-04-24T06:15:10+00:00","og_image":[{"width":1200,"height":900,"url":"https:\/\/giftdecor.es\/wp-content\/uploads\/11927.jpg","type":"image\/jpeg"}],"twitter_card":"summary_large_image","schema":{"@context":"https:\/\/schema.org","@graph":[{"@type":"WebPage","@id":"https:\/\/giftdecor.es\/pt\/producto\/cortina-castanha-e-transparente\/","url":"https:\/\/giftdecor.es\/pt\/producto\/cortina-castanha-e-transparente\/","name":"Cortina castanha e transparente - Arg\u00f3n","isPartOf":{"@id":"https:\/\/giftdecor.es\/#website"},"primaryImageOfPage":{"@id":"https:\/\/giftdecor.es\/pt\/producto\/cortina-castanha-e-transparente\/#primaryimage"},"image":{"@id":"https:\/\/giftdecor.es\/pt\/producto\/cortina-castanha-e-transparente\/#primaryimage"},"thumbnailUrl":"https:\/\/giftdecor.es\/wp-content\/uploads\/11927.jpg","datePublished":"2025-02-13T06:23:34+00:00","dateModified":"2026-04-24T06:15:10+00:00","breadcrumb":{"@id":"https:\/\/giftdecor.es\/pt\/producto\/cortina-castanha-e-transparente\/#breadcrumb"},"inLanguage":"pr-PT","potentialAction":[{"@type":"ReadAction","target":["https:\/\/giftdecor.es\/pt\/producto\/cortina-castanha-e-transparente\/"]}]},{"@type":"ImageObject","inLanguage":"pr-PT","@id":"https:\/\/giftdecor.es\/pt\/producto\/cortina-castanha-e-transparente\/#primaryimage","url":"https:\/\/giftdecor.es\/wp-content\/uploads\/11927.jpg","contentUrl":"https:\/\/giftdecor.es\/wp-content\/uploads\/11927.jpg","width":1200,"height":900},{"@type":"BreadcrumbList","@id":"https:\/\/giftdecor.es\/pt\/producto\/cortina-castanha-e-transparente\/#breadcrumb","itemListElement":[{"@type":"ListItem","position":1,"name":"Portada","item":"https:\/\/giftdecor.es\/pt\/"},{"@type":"ListItem","position":2,"name":"Tienda","item":"https:\/\/giftdecor.es\/pt\/"},{"@type":"ListItem","position":3,"name":"Cortina castanha e transparente"}]},{"@type":"WebSite","@id":"https:\/\/giftdecor.es\/#website","url":"https:\/\/giftdecor.es\/","name":"Arg\u00f3n","description":"Peque\u00f1os electrodom\u00e9sticos","potentialAction":[{"@type":"SearchAction","target":{"@type":"EntryPoint","urlTemplate":"https:\/\/giftdecor.es\/?s={search_term_string}"},"query-input":{"@type":"PropertyValueSpecification","valueRequired":true,"valueName":"search_term_string"}}],"inLanguage":"pr-PT"}]}},"_links":{"self":[{"href":"https:\/\/giftdecor.es\/pt\/wp-json\/wp\/v2\/product\/126157","targetHints":{"allow":["GET"]}}],"collection":[{"href":"https:\/\/giftdecor.es\/pt\/wp-json\/wp\/v2\/product"}],"about":[{"href":"https:\/\/giftdecor.es\/pt\/wp-json\/wp\/v2\/types\/product"}],"replies":[{"embeddable":true,"href":"https:\/\/giftdecor.es\/pt\/wp-json\/wp\/v2\/comments?post=126157"}],"wp:featuredmedia":[{"embeddable":true,"href":"https:\/\/giftdecor.es\/pt\/wp-json\/wp\/v2\/media\/126481"}],"wp:attachment":[{"href":"https:\/\/giftdecor.es\/pt\/wp-json\/wp\/v2\/media?parent=126157"}],"wp:term":[{"taxonomy":"product_cat","embeddable":true,"href":"https:\/\/giftdecor.es\/pt\/wp-json\/wp\/v2\/product_cat?post=126157"},{"taxonomy":"product_tag","embeddable":true,"href":"https:\/\/giftdecor.es\/pt\/wp-json\/wp\/v2\/product_tag?post=126157"}],"curies":[{"name":"wp","href":"https:\/\/api.w.org\/{rel}","templated":true}]}}