{"id":123846,"date":"2024-10-29T07:12:46","date_gmt":"2024-10-29T06:12:46","guid":{"rendered":"https:\/\/giftdecor.es\/producto\/meias-em-sherpa-para-adulto-cinzento-claro\/"},"modified":"2026-04-03T08:02:56","modified_gmt":"2026-04-03T06:02:56","slug":"meias-em-sherpa-para-adulto-cinzento-claro","status":"publish","type":"product","link":"https:\/\/giftdecor.es\/pt\/producto\/meias-em-sherpa-para-adulto-cinzento-claro\/","title":{"rendered":"Meias em sherpa para adulto cinzento claro"},"content":{"rendered":"<p><span style=\"vertical-align: inherit;\"><span style=\"vertical-align: inherit;\">Meias em sherpa para adulto cinzento claro<\/span><\/span><\/p>\n","protected":false},"excerpt":{"rendered":"<p>Meias em sherpa para adulto cinzento claro<\/p>\n","protected":false},"featured_media":123591,"comment_status":"closed","ping_status":"open","template":"","meta":{"_acf_changed":false},"product_cat":[234,233],"product_tag":[235],"class_list":{"0":"post-123846","1":"product","2":"type-product","3":"status-publish","4":"has-post-thumbnail","6":"product_cat-cama-e-sofa","7":"product_cat-giftdecor-casa-textil","8":"product_tag-cama-e-sofa","10":"first","11":"instock","12":"product-type-external"},"acf":[],"yoast_head":"<!-- This site is optimized with the Yoast SEO plugin v23.5 - https:\/\/yoast.com\/wordpress\/plugins\/seo\/ -->\n<title>Meias em sherpa para adulto cinzento claro - Arg\u00f3n<\/title>\n<meta name=\"robots\" content=\"index, follow, max-snippet:-1, max-image-preview:large, max-video-preview:-1\" \/>\n<link rel=\"canonical\" href=\"https:\/\/giftdecor.es\/pt\/producto\/meias-em-sherpa-para-adulto-cinzento-claro\/\" \/>\n<meta property=\"og:locale\" content=\"en_US\" \/>\n<meta property=\"og:type\" content=\"article\" \/>\n<meta property=\"og:title\" content=\"Meias em sherpa para adulto cinzento claro - Arg\u00f3n\" \/>\n<meta property=\"og:description\" content=\"Meias em sherpa para adulto cinzento claro\" \/>\n<meta property=\"og:url\" content=\"https:\/\/giftdecor.es\/pt\/producto\/meias-em-sherpa-para-adulto-cinzento-claro\/\" \/>\n<meta property=\"og:site_name\" content=\"Arg\u00f3n\" \/>\n<meta property=\"article:modified_time\" content=\"2026-04-03T06:02:56+00:00\" \/>\n<meta property=\"og:image\" content=\"https:\/\/giftdecor.es\/wp-content\/uploads\/10602.jpg\" \/>\n\t<meta property=\"og:image:width\" content=\"1200\" \/>\n\t<meta property=\"og:image:height\" content=\"900\" \/>\n\t<meta property=\"og:image:type\" content=\"image\/jpeg\" \/>\n<meta name=\"twitter:card\" content=\"summary_large_image\" \/>\n<script type=\"application\/ld+json\" class=\"yoast-schema-graph\">{\"@context\":\"https:\/\/schema.org\",\"@graph\":[{\"@type\":\"WebPage\",\"@id\":\"https:\/\/giftdecor.es\/pt\/producto\/meias-em-sherpa-para-adulto-cinzento-claro\/\",\"url\":\"https:\/\/giftdecor.es\/pt\/producto\/meias-em-sherpa-para-adulto-cinzento-claro\/\",\"name\":\"Meias em sherpa para adulto cinzento claro - Arg\u00f3n\",\"isPartOf\":{\"@id\":\"https:\/\/giftdecor.es\/#website\"},\"primaryImageOfPage\":{\"@id\":\"https:\/\/giftdecor.es\/pt\/producto\/meias-em-sherpa-para-adulto-cinzento-claro\/#primaryimage\"},\"image\":{\"@id\":\"https:\/\/giftdecor.es\/pt\/producto\/meias-em-sherpa-para-adulto-cinzento-claro\/#primaryimage\"},\"thumbnailUrl\":\"https:\/\/giftdecor.es\/wp-content\/uploads\/10602.jpg\",\"datePublished\":\"2024-10-29T06:12:46+00:00\",\"dateModified\":\"2026-04-03T06:02:56+00:00\",\"breadcrumb\":{\"@id\":\"https:\/\/giftdecor.es\/pt\/producto\/meias-em-sherpa-para-adulto-cinzento-claro\/#breadcrumb\"},\"inLanguage\":\"pr-PT\",\"potentialAction\":[{\"@type\":\"ReadAction\",\"target\":[\"https:\/\/giftdecor.es\/pt\/producto\/meias-em-sherpa-para-adulto-cinzento-claro\/\"]}]},{\"@type\":\"ImageObject\",\"inLanguage\":\"pr-PT\",\"@id\":\"https:\/\/giftdecor.es\/pt\/producto\/meias-em-sherpa-para-adulto-cinzento-claro\/#primaryimage\",\"url\":\"https:\/\/giftdecor.es\/wp-content\/uploads\/10602.jpg\",\"contentUrl\":\"https:\/\/giftdecor.es\/wp-content\/uploads\/10602.jpg\",\"width\":1200,\"height\":900},{\"@type\":\"BreadcrumbList\",\"@id\":\"https:\/\/giftdecor.es\/pt\/producto\/meias-em-sherpa-para-adulto-cinzento-claro\/#breadcrumb\",\"itemListElement\":[{\"@type\":\"ListItem\",\"position\":1,\"name\":\"Portada\",\"item\":\"https:\/\/giftdecor.es\/pt\/\"},{\"@type\":\"ListItem\",\"position\":2,\"name\":\"Tienda\",\"item\":\"https:\/\/giftdecor.es\/pt\/\"},{\"@type\":\"ListItem\",\"position\":3,\"name\":\"Meias em sherpa para adulto cinzento claro\"}]},{\"@type\":\"WebSite\",\"@id\":\"https:\/\/giftdecor.es\/#website\",\"url\":\"https:\/\/giftdecor.es\/\",\"name\":\"Arg\u00f3n\",\"description\":\"Peque\u00f1os electrodom\u00e9sticos\",\"potentialAction\":[{\"@type\":\"SearchAction\",\"target\":{\"@type\":\"EntryPoint\",\"urlTemplate\":\"https:\/\/giftdecor.es\/?s={search_term_string}\"},\"query-input\":{\"@type\":\"PropertyValueSpecification\",\"valueRequired\":true,\"valueName\":\"search_term_string\"}}],\"inLanguage\":\"pr-PT\"}]}<\/script>\n<!-- \/ Yoast SEO plugin. -->","yoast_head_json":{"title":"Meias em sherpa para adulto cinzento claro - Arg\u00f3n","robots":{"index":"index","follow":"follow","max-snippet":"max-snippet:-1","max-image-preview":"max-image-preview:large","max-video-preview":"max-video-preview:-1"},"canonical":"https:\/\/giftdecor.es\/pt\/producto\/meias-em-sherpa-para-adulto-cinzento-claro\/","og_locale":"en_US","og_type":"article","og_title":"Meias em sherpa para adulto cinzento claro - Arg\u00f3n","og_description":"Meias em sherpa para adulto cinzento claro","og_url":"https:\/\/giftdecor.es\/pt\/producto\/meias-em-sherpa-para-adulto-cinzento-claro\/","og_site_name":"Arg\u00f3n","article_modified_time":"2026-04-03T06:02:56+00:00","og_image":[{"width":1200,"height":900,"url":"https:\/\/giftdecor.es\/wp-content\/uploads\/10602.jpg","type":"image\/jpeg"}],"twitter_card":"summary_large_image","schema":{"@context":"https:\/\/schema.org","@graph":[{"@type":"WebPage","@id":"https:\/\/giftdecor.es\/pt\/producto\/meias-em-sherpa-para-adulto-cinzento-claro\/","url":"https:\/\/giftdecor.es\/pt\/producto\/meias-em-sherpa-para-adulto-cinzento-claro\/","name":"Meias em sherpa para adulto cinzento claro - Arg\u00f3n","isPartOf":{"@id":"https:\/\/giftdecor.es\/#website"},"primaryImageOfPage":{"@id":"https:\/\/giftdecor.es\/pt\/producto\/meias-em-sherpa-para-adulto-cinzento-claro\/#primaryimage"},"image":{"@id":"https:\/\/giftdecor.es\/pt\/producto\/meias-em-sherpa-para-adulto-cinzento-claro\/#primaryimage"},"thumbnailUrl":"https:\/\/giftdecor.es\/wp-content\/uploads\/10602.jpg","datePublished":"2024-10-29T06:12:46+00:00","dateModified":"2026-04-03T06:02:56+00:00","breadcrumb":{"@id":"https:\/\/giftdecor.es\/pt\/producto\/meias-em-sherpa-para-adulto-cinzento-claro\/#breadcrumb"},"inLanguage":"pr-PT","potentialAction":[{"@type":"ReadAction","target":["https:\/\/giftdecor.es\/pt\/producto\/meias-em-sherpa-para-adulto-cinzento-claro\/"]}]},{"@type":"ImageObject","inLanguage":"pr-PT","@id":"https:\/\/giftdecor.es\/pt\/producto\/meias-em-sherpa-para-adulto-cinzento-claro\/#primaryimage","url":"https:\/\/giftdecor.es\/wp-content\/uploads\/10602.jpg","contentUrl":"https:\/\/giftdecor.es\/wp-content\/uploads\/10602.jpg","width":1200,"height":900},{"@type":"BreadcrumbList","@id":"https:\/\/giftdecor.es\/pt\/producto\/meias-em-sherpa-para-adulto-cinzento-claro\/#breadcrumb","itemListElement":[{"@type":"ListItem","position":1,"name":"Portada","item":"https:\/\/giftdecor.es\/pt\/"},{"@type":"ListItem","position":2,"name":"Tienda","item":"https:\/\/giftdecor.es\/pt\/"},{"@type":"ListItem","position":3,"name":"Meias em sherpa para adulto cinzento claro"}]},{"@type":"WebSite","@id":"https:\/\/giftdecor.es\/#website","url":"https:\/\/giftdecor.es\/","name":"Arg\u00f3n","description":"Peque\u00f1os electrodom\u00e9sticos","potentialAction":[{"@type":"SearchAction","target":{"@type":"EntryPoint","urlTemplate":"https:\/\/giftdecor.es\/?s={search_term_string}"},"query-input":{"@type":"PropertyValueSpecification","valueRequired":true,"valueName":"search_term_string"}}],"inLanguage":"pr-PT"}]}},"_links":{"self":[{"href":"https:\/\/giftdecor.es\/pt\/wp-json\/wp\/v2\/product\/123846","targetHints":{"allow":["GET"]}}],"collection":[{"href":"https:\/\/giftdecor.es\/pt\/wp-json\/wp\/v2\/product"}],"about":[{"href":"https:\/\/giftdecor.es\/pt\/wp-json\/wp\/v2\/types\/product"}],"replies":[{"embeddable":true,"href":"https:\/\/giftdecor.es\/pt\/wp-json\/wp\/v2\/comments?post=123846"}],"wp:featuredmedia":[{"embeddable":true,"href":"https:\/\/giftdecor.es\/pt\/wp-json\/wp\/v2\/media\/123591"}],"wp:attachment":[{"href":"https:\/\/giftdecor.es\/pt\/wp-json\/wp\/v2\/media?parent=123846"}],"wp:term":[{"taxonomy":"product_cat","embeddable":true,"href":"https:\/\/giftdecor.es\/pt\/wp-json\/wp\/v2\/product_cat?post=123846"},{"taxonomy":"product_tag","embeddable":true,"href":"https:\/\/giftdecor.es\/pt\/wp-json\/wp\/v2\/product_tag?post=123846"}],"curies":[{"name":"wp","href":"https:\/\/api.w.org\/{rel}","templated":true}]}}