{"id":121429,"date":"2024-08-23T08:12:40","date_gmt":"2024-08-23T06:12:40","guid":{"rendered":"https:\/\/giftdecor.es\/producto\/moldura-para-2-fotos-efeito-bambu-10x15cm\/"},"modified":"2026-04-03T08:05:02","modified_gmt":"2026-04-03T06:05:02","slug":"moldura-para-2-fotos-efeito-bambu-10x15cm","status":"publish","type":"product","link":"https:\/\/giftdecor.es\/pt\/producto\/moldura-para-2-fotos-efeito-bambu-10x15cm\/","title":{"rendered":"Moldura para 2 fotos efeito bambu 10x15cm"},"content":{"rendered":"<p><span style=\"vertical-align: inherit;\"><span style=\"vertical-align: inherit;\">Moldura para 2 fotos efeito bambu 10x15cm<\/span><\/span><\/p>\n","protected":false},"excerpt":{"rendered":"<p>Moldura para 2 fotos efeito bambu 10x15cm<\/p>\n","protected":false},"featured_media":121815,"comment_status":"closed","ping_status":"open","template":"","meta":{"_acf_changed":false},"product_cat":[289],"product_tag":[],"class_list":{"0":"post-121429","1":"product","2":"type-product","3":"status-publish","4":"has-post-thumbnail","6":"product_cat-giftdecor-molduras","8":"first","9":"instock","10":"product-type-external"},"acf":[],"yoast_head":"<!-- This site is optimized with the Yoast SEO plugin v23.5 - https:\/\/yoast.com\/wordpress\/plugins\/seo\/ -->\n<title>Moldura para 2 fotos efeito bambu 10x15cm - Arg\u00f3n<\/title>\n<meta name=\"robots\" content=\"index, follow, max-snippet:-1, max-image-preview:large, max-video-preview:-1\" \/>\n<link rel=\"canonical\" href=\"https:\/\/giftdecor.es\/pt\/producto\/moldura-para-2-fotos-efeito-bambu-10x15cm\/\" \/>\n<meta property=\"og:locale\" content=\"en_US\" \/>\n<meta property=\"og:type\" content=\"article\" \/>\n<meta property=\"og:title\" content=\"Moldura para 2 fotos efeito bambu 10x15cm - Arg\u00f3n\" \/>\n<meta property=\"og:description\" content=\"Moldura para 2 fotos efeito bambu 10x15cm\" \/>\n<meta property=\"og:url\" content=\"https:\/\/giftdecor.es\/pt\/producto\/moldura-para-2-fotos-efeito-bambu-10x15cm\/\" \/>\n<meta property=\"og:site_name\" content=\"Arg\u00f3n\" \/>\n<meta property=\"article:modified_time\" content=\"2026-04-03T06:05:02+00:00\" \/>\n<meta property=\"og:image\" content=\"https:\/\/giftdecor.es\/wp-content\/uploads\/10785.jpg\" \/>\n\t<meta property=\"og:image:width\" content=\"1200\" \/>\n\t<meta property=\"og:image:height\" content=\"900\" \/>\n\t<meta property=\"og:image:type\" content=\"image\/jpeg\" \/>\n<meta name=\"twitter:card\" content=\"summary_large_image\" \/>\n<script type=\"application\/ld+json\" class=\"yoast-schema-graph\">{\"@context\":\"https:\/\/schema.org\",\"@graph\":[{\"@type\":\"WebPage\",\"@id\":\"https:\/\/giftdecor.es\/pt\/producto\/moldura-para-2-fotos-efeito-bambu-10x15cm\/\",\"url\":\"https:\/\/giftdecor.es\/pt\/producto\/moldura-para-2-fotos-efeito-bambu-10x15cm\/\",\"name\":\"Moldura para 2 fotos efeito bambu 10x15cm - Arg\u00f3n\",\"isPartOf\":{\"@id\":\"https:\/\/giftdecor.es\/#website\"},\"primaryImageOfPage\":{\"@id\":\"https:\/\/giftdecor.es\/pt\/producto\/moldura-para-2-fotos-efeito-bambu-10x15cm\/#primaryimage\"},\"image\":{\"@id\":\"https:\/\/giftdecor.es\/pt\/producto\/moldura-para-2-fotos-efeito-bambu-10x15cm\/#primaryimage\"},\"thumbnailUrl\":\"https:\/\/giftdecor.es\/wp-content\/uploads\/10785.jpg\",\"datePublished\":\"2024-08-23T06:12:40+00:00\",\"dateModified\":\"2026-04-03T06:05:02+00:00\",\"breadcrumb\":{\"@id\":\"https:\/\/giftdecor.es\/pt\/producto\/moldura-para-2-fotos-efeito-bambu-10x15cm\/#breadcrumb\"},\"inLanguage\":\"pr-PT\",\"potentialAction\":[{\"@type\":\"ReadAction\",\"target\":[\"https:\/\/giftdecor.es\/pt\/producto\/moldura-para-2-fotos-efeito-bambu-10x15cm\/\"]}]},{\"@type\":\"ImageObject\",\"inLanguage\":\"pr-PT\",\"@id\":\"https:\/\/giftdecor.es\/pt\/producto\/moldura-para-2-fotos-efeito-bambu-10x15cm\/#primaryimage\",\"url\":\"https:\/\/giftdecor.es\/wp-content\/uploads\/10785.jpg\",\"contentUrl\":\"https:\/\/giftdecor.es\/wp-content\/uploads\/10785.jpg\",\"width\":1200,\"height\":900},{\"@type\":\"BreadcrumbList\",\"@id\":\"https:\/\/giftdecor.es\/pt\/producto\/moldura-para-2-fotos-efeito-bambu-10x15cm\/#breadcrumb\",\"itemListElement\":[{\"@type\":\"ListItem\",\"position\":1,\"name\":\"Portada\",\"item\":\"https:\/\/giftdecor.es\/pt\/\"},{\"@type\":\"ListItem\",\"position\":2,\"name\":\"Tienda\",\"item\":\"https:\/\/giftdecor.es\/pt\/\"},{\"@type\":\"ListItem\",\"position\":3,\"name\":\"Moldura para 2 fotos efeito bambu 10x15cm\"}]},{\"@type\":\"WebSite\",\"@id\":\"https:\/\/giftdecor.es\/#website\",\"url\":\"https:\/\/giftdecor.es\/\",\"name\":\"Arg\u00f3n\",\"description\":\"Peque\u00f1os electrodom\u00e9sticos\",\"potentialAction\":[{\"@type\":\"SearchAction\",\"target\":{\"@type\":\"EntryPoint\",\"urlTemplate\":\"https:\/\/giftdecor.es\/?s={search_term_string}\"},\"query-input\":{\"@type\":\"PropertyValueSpecification\",\"valueRequired\":true,\"valueName\":\"search_term_string\"}}],\"inLanguage\":\"pr-PT\"}]}<\/script>\n<!-- \/ Yoast SEO plugin. -->","yoast_head_json":{"title":"Moldura para 2 fotos efeito bambu 10x15cm - Arg\u00f3n","robots":{"index":"index","follow":"follow","max-snippet":"max-snippet:-1","max-image-preview":"max-image-preview:large","max-video-preview":"max-video-preview:-1"},"canonical":"https:\/\/giftdecor.es\/pt\/producto\/moldura-para-2-fotos-efeito-bambu-10x15cm\/","og_locale":"en_US","og_type":"article","og_title":"Moldura para 2 fotos efeito bambu 10x15cm - Arg\u00f3n","og_description":"Moldura para 2 fotos efeito bambu 10x15cm","og_url":"https:\/\/giftdecor.es\/pt\/producto\/moldura-para-2-fotos-efeito-bambu-10x15cm\/","og_site_name":"Arg\u00f3n","article_modified_time":"2026-04-03T06:05:02+00:00","og_image":[{"width":1200,"height":900,"url":"https:\/\/giftdecor.es\/wp-content\/uploads\/10785.jpg","type":"image\/jpeg"}],"twitter_card":"summary_large_image","schema":{"@context":"https:\/\/schema.org","@graph":[{"@type":"WebPage","@id":"https:\/\/giftdecor.es\/pt\/producto\/moldura-para-2-fotos-efeito-bambu-10x15cm\/","url":"https:\/\/giftdecor.es\/pt\/producto\/moldura-para-2-fotos-efeito-bambu-10x15cm\/","name":"Moldura para 2 fotos efeito bambu 10x15cm - Arg\u00f3n","isPartOf":{"@id":"https:\/\/giftdecor.es\/#website"},"primaryImageOfPage":{"@id":"https:\/\/giftdecor.es\/pt\/producto\/moldura-para-2-fotos-efeito-bambu-10x15cm\/#primaryimage"},"image":{"@id":"https:\/\/giftdecor.es\/pt\/producto\/moldura-para-2-fotos-efeito-bambu-10x15cm\/#primaryimage"},"thumbnailUrl":"https:\/\/giftdecor.es\/wp-content\/uploads\/10785.jpg","datePublished":"2024-08-23T06:12:40+00:00","dateModified":"2026-04-03T06:05:02+00:00","breadcrumb":{"@id":"https:\/\/giftdecor.es\/pt\/producto\/moldura-para-2-fotos-efeito-bambu-10x15cm\/#breadcrumb"},"inLanguage":"pr-PT","potentialAction":[{"@type":"ReadAction","target":["https:\/\/giftdecor.es\/pt\/producto\/moldura-para-2-fotos-efeito-bambu-10x15cm\/"]}]},{"@type":"ImageObject","inLanguage":"pr-PT","@id":"https:\/\/giftdecor.es\/pt\/producto\/moldura-para-2-fotos-efeito-bambu-10x15cm\/#primaryimage","url":"https:\/\/giftdecor.es\/wp-content\/uploads\/10785.jpg","contentUrl":"https:\/\/giftdecor.es\/wp-content\/uploads\/10785.jpg","width":1200,"height":900},{"@type":"BreadcrumbList","@id":"https:\/\/giftdecor.es\/pt\/producto\/moldura-para-2-fotos-efeito-bambu-10x15cm\/#breadcrumb","itemListElement":[{"@type":"ListItem","position":1,"name":"Portada","item":"https:\/\/giftdecor.es\/pt\/"},{"@type":"ListItem","position":2,"name":"Tienda","item":"https:\/\/giftdecor.es\/pt\/"},{"@type":"ListItem","position":3,"name":"Moldura para 2 fotos efeito bambu 10x15cm"}]},{"@type":"WebSite","@id":"https:\/\/giftdecor.es\/#website","url":"https:\/\/giftdecor.es\/","name":"Arg\u00f3n","description":"Peque\u00f1os electrodom\u00e9sticos","potentialAction":[{"@type":"SearchAction","target":{"@type":"EntryPoint","urlTemplate":"https:\/\/giftdecor.es\/?s={search_term_string}"},"query-input":{"@type":"PropertyValueSpecification","valueRequired":true,"valueName":"search_term_string"}}],"inLanguage":"pr-PT"}]}},"_links":{"self":[{"href":"https:\/\/giftdecor.es\/pt\/wp-json\/wp\/v2\/product\/121429","targetHints":{"allow":["GET"]}}],"collection":[{"href":"https:\/\/giftdecor.es\/pt\/wp-json\/wp\/v2\/product"}],"about":[{"href":"https:\/\/giftdecor.es\/pt\/wp-json\/wp\/v2\/types\/product"}],"replies":[{"embeddable":true,"href":"https:\/\/giftdecor.es\/pt\/wp-json\/wp\/v2\/comments?post=121429"}],"wp:featuredmedia":[{"embeddable":true,"href":"https:\/\/giftdecor.es\/pt\/wp-json\/wp\/v2\/media\/121815"}],"wp:attachment":[{"href":"https:\/\/giftdecor.es\/pt\/wp-json\/wp\/v2\/media?parent=121429"}],"wp:term":[{"taxonomy":"product_cat","embeddable":true,"href":"https:\/\/giftdecor.es\/pt\/wp-json\/wp\/v2\/product_cat?post=121429"},{"taxonomy":"product_tag","embeddable":true,"href":"https:\/\/giftdecor.es\/pt\/wp-json\/wp\/v2\/product_tag?post=121429"}],"curies":[{"name":"wp","href":"https:\/\/api.w.org\/{rel}","templated":true}]}}