{"id":100343,"date":"2023-09-20T08:11:42","date_gmt":"2023-09-20T06:11:42","guid":{"rendered":"https:\/\/giftdecor.es\/producto\/cortina-140x260cm-6-ilhos-rede-azul\/"},"modified":"2025-05-02T08:01:42","modified_gmt":"2025-05-02T06:01:42","slug":"cortina-140x260cm-6-ilhos-rede-azul","status":"publish","type":"product","link":"https:\/\/giftdecor.es\/pt\/producto\/cortina-140x260cm-6-ilhos-rede-azul\/","title":{"rendered":"Cortina 140x260cm 6 ilhos rede azul"},"content":{"rendered":"<p><span style=\"vertical-align: inherit;\"><span style=\"vertical-align: inherit;\">Cortina 140x260cm 6 ilhos rede azul<\/span><\/span><\/p>\n","protected":false},"excerpt":{"rendered":"<p>Cortina 140x260cm 6 ilhos rede azul<\/p>\n","protected":false},"featured_media":72288,"comment_status":"closed","ping_status":"open","template":"","meta":{"_acf_changed":false},"product_cat":[267,233],"product_tag":[268],"class_list":{"0":"post-100343","1":"product","2":"type-product","3":"status-publish","4":"has-post-thumbnail","6":"product_cat-cortinas-e-complementos","7":"product_cat-giftdecor-casa-textil","8":"product_tag-cortinas-e-complementos","10":"first","11":"instock","12":"product-type-external"},"acf":[],"yoast_head":"<!-- This site is optimized with the Yoast SEO plugin v23.5 - https:\/\/yoast.com\/wordpress\/plugins\/seo\/ -->\n<title>Cortina 140x260cm 6 ilhos rede azul - Arg\u00f3n<\/title>\n<meta name=\"robots\" content=\"index, follow, max-snippet:-1, max-image-preview:large, max-video-preview:-1\" \/>\n<link rel=\"canonical\" href=\"https:\/\/giftdecor.es\/pt\/producto\/cortina-140x260cm-6-ilhos-rede-azul\/\" \/>\n<meta property=\"og:locale\" content=\"en_US\" \/>\n<meta property=\"og:type\" content=\"article\" \/>\n<meta property=\"og:title\" content=\"Cortina 140x260cm 6 ilhos rede azul - Arg\u00f3n\" \/>\n<meta property=\"og:description\" content=\"Cortina 140x260cm 6 ilhos rede azul\" \/>\n<meta property=\"og:url\" content=\"https:\/\/giftdecor.es\/pt\/producto\/cortina-140x260cm-6-ilhos-rede-azul\/\" \/>\n<meta property=\"og:site_name\" content=\"Arg\u00f3n\" \/>\n<meta property=\"article:modified_time\" content=\"2025-05-02T06:01:42+00:00\" \/>\n<meta property=\"og:image\" content=\"https:\/\/giftdecor.es\/wp-content\/uploads\/37823.jpg\" \/>\n\t<meta property=\"og:image:width\" content=\"1200\" \/>\n\t<meta property=\"og:image:height\" content=\"900\" \/>\n\t<meta property=\"og:image:type\" content=\"image\/jpeg\" \/>\n<meta name=\"twitter:card\" content=\"summary_large_image\" \/>\n<script type=\"application\/ld+json\" class=\"yoast-schema-graph\">{\"@context\":\"https:\/\/schema.org\",\"@graph\":[{\"@type\":\"WebPage\",\"@id\":\"https:\/\/giftdecor.es\/pt\/producto\/cortina-140x260cm-6-ilhos-rede-azul\/\",\"url\":\"https:\/\/giftdecor.es\/pt\/producto\/cortina-140x260cm-6-ilhos-rede-azul\/\",\"name\":\"Cortina 140x260cm 6 ilhos rede azul - Arg\u00f3n\",\"isPartOf\":{\"@id\":\"https:\/\/giftdecor.es\/#website\"},\"primaryImageOfPage\":{\"@id\":\"https:\/\/giftdecor.es\/pt\/producto\/cortina-140x260cm-6-ilhos-rede-azul\/#primaryimage\"},\"image\":{\"@id\":\"https:\/\/giftdecor.es\/pt\/producto\/cortina-140x260cm-6-ilhos-rede-azul\/#primaryimage\"},\"thumbnailUrl\":\"https:\/\/giftdecor.es\/wp-content\/uploads\/37823.jpg\",\"datePublished\":\"2023-09-20T06:11:42+00:00\",\"dateModified\":\"2025-05-02T06:01:42+00:00\",\"breadcrumb\":{\"@id\":\"https:\/\/giftdecor.es\/pt\/producto\/cortina-140x260cm-6-ilhos-rede-azul\/#breadcrumb\"},\"inLanguage\":\"pr-PT\",\"potentialAction\":[{\"@type\":\"ReadAction\",\"target\":[\"https:\/\/giftdecor.es\/pt\/producto\/cortina-140x260cm-6-ilhos-rede-azul\/\"]}]},{\"@type\":\"ImageObject\",\"inLanguage\":\"pr-PT\",\"@id\":\"https:\/\/giftdecor.es\/pt\/producto\/cortina-140x260cm-6-ilhos-rede-azul\/#primaryimage\",\"url\":\"https:\/\/giftdecor.es\/wp-content\/uploads\/37823.jpg\",\"contentUrl\":\"https:\/\/giftdecor.es\/wp-content\/uploads\/37823.jpg\",\"width\":1200,\"height\":900},{\"@type\":\"BreadcrumbList\",\"@id\":\"https:\/\/giftdecor.es\/pt\/producto\/cortina-140x260cm-6-ilhos-rede-azul\/#breadcrumb\",\"itemListElement\":[{\"@type\":\"ListItem\",\"position\":1,\"name\":\"Portada\",\"item\":\"https:\/\/giftdecor.es\/pt\/\"},{\"@type\":\"ListItem\",\"position\":2,\"name\":\"Tienda\",\"item\":\"https:\/\/giftdecor.es\/pt\/\"},{\"@type\":\"ListItem\",\"position\":3,\"name\":\"Cortina 140x260cm 6 ilhos rede azul\"}]},{\"@type\":\"WebSite\",\"@id\":\"https:\/\/giftdecor.es\/#website\",\"url\":\"https:\/\/giftdecor.es\/\",\"name\":\"Arg\u00f3n\",\"description\":\"Peque\u00f1os electrodom\u00e9sticos\",\"potentialAction\":[{\"@type\":\"SearchAction\",\"target\":{\"@type\":\"EntryPoint\",\"urlTemplate\":\"https:\/\/giftdecor.es\/?s={search_term_string}\"},\"query-input\":{\"@type\":\"PropertyValueSpecification\",\"valueRequired\":true,\"valueName\":\"search_term_string\"}}],\"inLanguage\":\"pr-PT\"}]}<\/script>\n<!-- \/ Yoast SEO plugin. -->","yoast_head_json":{"title":"Cortina 140x260cm 6 ilhos rede azul - Arg\u00f3n","robots":{"index":"index","follow":"follow","max-snippet":"max-snippet:-1","max-image-preview":"max-image-preview:large","max-video-preview":"max-video-preview:-1"},"canonical":"https:\/\/giftdecor.es\/pt\/producto\/cortina-140x260cm-6-ilhos-rede-azul\/","og_locale":"en_US","og_type":"article","og_title":"Cortina 140x260cm 6 ilhos rede azul - Arg\u00f3n","og_description":"Cortina 140x260cm 6 ilhos rede azul","og_url":"https:\/\/giftdecor.es\/pt\/producto\/cortina-140x260cm-6-ilhos-rede-azul\/","og_site_name":"Arg\u00f3n","article_modified_time":"2025-05-02T06:01:42+00:00","og_image":[{"width":1200,"height":900,"url":"https:\/\/giftdecor.es\/wp-content\/uploads\/37823.jpg","type":"image\/jpeg"}],"twitter_card":"summary_large_image","schema":{"@context":"https:\/\/schema.org","@graph":[{"@type":"WebPage","@id":"https:\/\/giftdecor.es\/pt\/producto\/cortina-140x260cm-6-ilhos-rede-azul\/","url":"https:\/\/giftdecor.es\/pt\/producto\/cortina-140x260cm-6-ilhos-rede-azul\/","name":"Cortina 140x260cm 6 ilhos rede azul - Arg\u00f3n","isPartOf":{"@id":"https:\/\/giftdecor.es\/#website"},"primaryImageOfPage":{"@id":"https:\/\/giftdecor.es\/pt\/producto\/cortina-140x260cm-6-ilhos-rede-azul\/#primaryimage"},"image":{"@id":"https:\/\/giftdecor.es\/pt\/producto\/cortina-140x260cm-6-ilhos-rede-azul\/#primaryimage"},"thumbnailUrl":"https:\/\/giftdecor.es\/wp-content\/uploads\/37823.jpg","datePublished":"2023-09-20T06:11:42+00:00","dateModified":"2025-05-02T06:01:42+00:00","breadcrumb":{"@id":"https:\/\/giftdecor.es\/pt\/producto\/cortina-140x260cm-6-ilhos-rede-azul\/#breadcrumb"},"inLanguage":"pr-PT","potentialAction":[{"@type":"ReadAction","target":["https:\/\/giftdecor.es\/pt\/producto\/cortina-140x260cm-6-ilhos-rede-azul\/"]}]},{"@type":"ImageObject","inLanguage":"pr-PT","@id":"https:\/\/giftdecor.es\/pt\/producto\/cortina-140x260cm-6-ilhos-rede-azul\/#primaryimage","url":"https:\/\/giftdecor.es\/wp-content\/uploads\/37823.jpg","contentUrl":"https:\/\/giftdecor.es\/wp-content\/uploads\/37823.jpg","width":1200,"height":900},{"@type":"BreadcrumbList","@id":"https:\/\/giftdecor.es\/pt\/producto\/cortina-140x260cm-6-ilhos-rede-azul\/#breadcrumb","itemListElement":[{"@type":"ListItem","position":1,"name":"Portada","item":"https:\/\/giftdecor.es\/pt\/"},{"@type":"ListItem","position":2,"name":"Tienda","item":"https:\/\/giftdecor.es\/pt\/"},{"@type":"ListItem","position":3,"name":"Cortina 140x260cm 6 ilhos rede azul"}]},{"@type":"WebSite","@id":"https:\/\/giftdecor.es\/#website","url":"https:\/\/giftdecor.es\/","name":"Arg\u00f3n","description":"Peque\u00f1os electrodom\u00e9sticos","potentialAction":[{"@type":"SearchAction","target":{"@type":"EntryPoint","urlTemplate":"https:\/\/giftdecor.es\/?s={search_term_string}"},"query-input":{"@type":"PropertyValueSpecification","valueRequired":true,"valueName":"search_term_string"}}],"inLanguage":"pr-PT"}]}},"_links":{"self":[{"href":"https:\/\/giftdecor.es\/pt\/wp-json\/wp\/v2\/product\/100343","targetHints":{"allow":["GET"]}}],"collection":[{"href":"https:\/\/giftdecor.es\/pt\/wp-json\/wp\/v2\/product"}],"about":[{"href":"https:\/\/giftdecor.es\/pt\/wp-json\/wp\/v2\/types\/product"}],"replies":[{"embeddable":true,"href":"https:\/\/giftdecor.es\/pt\/wp-json\/wp\/v2\/comments?post=100343"}],"wp:featuredmedia":[{"embeddable":true,"href":"https:\/\/giftdecor.es\/pt\/wp-json\/wp\/v2\/media\/72288"}],"wp:attachment":[{"href":"https:\/\/giftdecor.es\/pt\/wp-json\/wp\/v2\/media?parent=100343"}],"wp:term":[{"taxonomy":"product_cat","embeddable":true,"href":"https:\/\/giftdecor.es\/pt\/wp-json\/wp\/v2\/product_cat?post=100343"},{"taxonomy":"product_tag","embeddable":true,"href":"https:\/\/giftdecor.es\/pt\/wp-json\/wp\/v2\/product_tag?post=100343"}],"curies":[{"name":"wp","href":"https:\/\/api.w.org\/{rel}","templated":true}]}}