{"id":116491,"date":"2024-04-08T09:31:50","date_gmt":"2024-04-08T07:31:50","guid":{"rendered":"https:\/\/giftdecor.es\/producto\/tenda-grigio-150x180-cm\/"},"modified":"2024-04-08T09:31:50","modified_gmt":"2024-04-08T07:31:50","slug":"tenda-grigio-150x180-cm","status":"publish","type":"product","link":"https:\/\/giftdecor.es\/it\/producto\/tenda-grigio-150x180-cm\/","title":{"rendered":"Tenda grigio 150&#215;180 cm"},"content":{"rendered":"<p><span style=\"vertical-align: inherit;\"><span style=\"vertical-align: inherit;\">Tenda grigio 150&#215;180 cm<\/span><\/span><\/p>\n","protected":false},"excerpt":{"rendered":"<p>Tenda grigio 150&#215;180 cm<\/p>\n","protected":false},"featured_media":0,"comment_status":"closed","ping_status":"open","template":"","meta":{"_acf_changed":false},"product_cat":[302,318],"product_tag":[319],"class_list":{"0":"post-116491","1":"product","2":"type-product","3":"status-publish","5":"product_cat-giftdecor-tessile-casa","6":"product_cat-tende-e-complementi","7":"product_tag-tende-e-complementi","9":"first","10":"instock","11":"product-type-external"},"acf":[],"yoast_head":"<!-- This site is optimized with the Yoast SEO plugin v23.5 - https:\/\/yoast.com\/wordpress\/plugins\/seo\/ -->\n<title>Tenda grigio 150x180 cm - Arg\u00f3n<\/title>\n<meta name=\"robots\" content=\"index, follow, max-snippet:-1, max-image-preview:large, max-video-preview:-1\" \/>\n<link rel=\"canonical\" href=\"https:\/\/giftdecor.es\/it\/producto\/tenda-grigio-150x180-cm\/\" \/>\n<meta property=\"og:locale\" content=\"it_IT\" \/>\n<meta property=\"og:type\" content=\"article\" \/>\n<meta property=\"og:title\" content=\"Tenda grigio 150x180 cm - Arg\u00f3n\" \/>\n<meta property=\"og:description\" content=\"Tenda grigio 150x180 cm\" \/>\n<meta property=\"og:url\" content=\"https:\/\/giftdecor.es\/it\/producto\/tenda-grigio-150x180-cm\/\" \/>\n<meta property=\"og:site_name\" content=\"Arg\u00f3n\" \/>\n<meta name=\"twitter:card\" content=\"summary_large_image\" \/>\n<script type=\"application\/ld+json\" class=\"yoast-schema-graph\">{\"@context\":\"https:\/\/schema.org\",\"@graph\":[{\"@type\":\"WebPage\",\"@id\":\"https:\/\/giftdecor.es\/it\/producto\/tenda-grigio-150x180-cm\/\",\"url\":\"https:\/\/giftdecor.es\/it\/producto\/tenda-grigio-150x180-cm\/\",\"name\":\"Tenda grigio 150x180 cm - Arg\u00f3n\",\"isPartOf\":{\"@id\":\"https:\/\/giftdecor.es\/#website\"},\"datePublished\":\"2024-04-08T07:31:50+00:00\",\"dateModified\":\"2024-04-08T07:31:50+00:00\",\"breadcrumb\":{\"@id\":\"https:\/\/giftdecor.es\/it\/producto\/tenda-grigio-150x180-cm\/#breadcrumb\"},\"inLanguage\":\"it-IT\",\"potentialAction\":[{\"@type\":\"ReadAction\",\"target\":[\"https:\/\/giftdecor.es\/it\/producto\/tenda-grigio-150x180-cm\/\"]}]},{\"@type\":\"BreadcrumbList\",\"@id\":\"https:\/\/giftdecor.es\/it\/producto\/tenda-grigio-150x180-cm\/#breadcrumb\",\"itemListElement\":[{\"@type\":\"ListItem\",\"position\":1,\"name\":\"Portada\",\"item\":\"https:\/\/giftdecor.es\/it\/\"},{\"@type\":\"ListItem\",\"position\":2,\"name\":\"Negozio\",\"item\":\"https:\/\/giftdecor.es\/it\/\"},{\"@type\":\"ListItem\",\"position\":3,\"name\":\"Tenda grigio 150&#215;180 cm\"}]},{\"@type\":\"WebSite\",\"@id\":\"https:\/\/giftdecor.es\/#website\",\"url\":\"https:\/\/giftdecor.es\/\",\"name\":\"Arg\u00f3n\",\"description\":\"Peque\u00f1o electrodom\u00e9stico\",\"potentialAction\":[{\"@type\":\"SearchAction\",\"target\":{\"@type\":\"EntryPoint\",\"urlTemplate\":\"https:\/\/giftdecor.es\/?s={search_term_string}\"},\"query-input\":{\"@type\":\"PropertyValueSpecification\",\"valueRequired\":true,\"valueName\":\"search_term_string\"}}],\"inLanguage\":\"it-IT\"}]}<\/script>\n<!-- \/ Yoast SEO plugin. -->","yoast_head_json":{"title":"Tenda grigio 150x180 cm - Arg\u00f3n","robots":{"index":"index","follow":"follow","max-snippet":"max-snippet:-1","max-image-preview":"max-image-preview:large","max-video-preview":"max-video-preview:-1"},"canonical":"https:\/\/giftdecor.es\/it\/producto\/tenda-grigio-150x180-cm\/","og_locale":"it_IT","og_type":"article","og_title":"Tenda grigio 150x180 cm - Arg\u00f3n","og_description":"Tenda grigio 150x180 cm","og_url":"https:\/\/giftdecor.es\/it\/producto\/tenda-grigio-150x180-cm\/","og_site_name":"Arg\u00f3n","twitter_card":"summary_large_image","schema":{"@context":"https:\/\/schema.org","@graph":[{"@type":"WebPage","@id":"https:\/\/giftdecor.es\/it\/producto\/tenda-grigio-150x180-cm\/","url":"https:\/\/giftdecor.es\/it\/producto\/tenda-grigio-150x180-cm\/","name":"Tenda grigio 150x180 cm - Arg\u00f3n","isPartOf":{"@id":"https:\/\/giftdecor.es\/#website"},"datePublished":"2024-04-08T07:31:50+00:00","dateModified":"2024-04-08T07:31:50+00:00","breadcrumb":{"@id":"https:\/\/giftdecor.es\/it\/producto\/tenda-grigio-150x180-cm\/#breadcrumb"},"inLanguage":"it-IT","potentialAction":[{"@type":"ReadAction","target":["https:\/\/giftdecor.es\/it\/producto\/tenda-grigio-150x180-cm\/"]}]},{"@type":"BreadcrumbList","@id":"https:\/\/giftdecor.es\/it\/producto\/tenda-grigio-150x180-cm\/#breadcrumb","itemListElement":[{"@type":"ListItem","position":1,"name":"Portada","item":"https:\/\/giftdecor.es\/it\/"},{"@type":"ListItem","position":2,"name":"Negozio","item":"https:\/\/giftdecor.es\/it\/"},{"@type":"ListItem","position":3,"name":"Tenda grigio 150&#215;180 cm"}]},{"@type":"WebSite","@id":"https:\/\/giftdecor.es\/#website","url":"https:\/\/giftdecor.es\/","name":"Arg\u00f3n","description":"Peque\u00f1o electrodom\u00e9stico","potentialAction":[{"@type":"SearchAction","target":{"@type":"EntryPoint","urlTemplate":"https:\/\/giftdecor.es\/?s={search_term_string}"},"query-input":{"@type":"PropertyValueSpecification","valueRequired":true,"valueName":"search_term_string"}}],"inLanguage":"it-IT"}]}},"_links":{"self":[{"href":"https:\/\/giftdecor.es\/it\/wp-json\/wp\/v2\/product\/116491","targetHints":{"allow":["GET"]}}],"collection":[{"href":"https:\/\/giftdecor.es\/it\/wp-json\/wp\/v2\/product"}],"about":[{"href":"https:\/\/giftdecor.es\/it\/wp-json\/wp\/v2\/types\/product"}],"replies":[{"embeddable":true,"href":"https:\/\/giftdecor.es\/it\/wp-json\/wp\/v2\/comments?post=116491"}],"wp:attachment":[{"href":"https:\/\/giftdecor.es\/it\/wp-json\/wp\/v2\/media?parent=116491"}],"wp:term":[{"taxonomy":"product_cat","embeddable":true,"href":"https:\/\/giftdecor.es\/it\/wp-json\/wp\/v2\/product_cat?post=116491"},{"taxonomy":"product_tag","embeddable":true,"href":"https:\/\/giftdecor.es\/it\/wp-json\/wp\/v2\/product_tag?post=116491"}],"curies":[{"name":"wp","href":"https:\/\/api.w.org\/{rel}","templated":true}]}}