{"id":111769,"date":"2023-12-25T08:53:16","date_gmt":"2023-12-25T07:53:16","guid":{"rendered":"https:\/\/giftdecor.es\/producto\/scritta-decorativa-home-con-pianta\/"},"modified":"2025-10-08T10:07:34","modified_gmt":"2025-10-08T08:07:34","slug":"scritta-decorativa-home-con-pianta","status":"publish","type":"product","link":"https:\/\/giftdecor.es\/it\/producto\/scritta-decorativa-home-con-pianta\/","title":{"rendered":"Scritta decorativa home con pianta"},"content":{"rendered":"<p><span style=\"vertical-align: inherit;\"><span style=\"vertical-align: inherit;\">Scritta decorativa home con pianta<\/span><\/span><\/p>\n","protected":false},"excerpt":{"rendered":"<p>Scritta decorativa home con pianta<\/p>\n","protected":false},"featured_media":108425,"comment_status":"closed","ping_status":"open","template":"","meta":{"_acf_changed":false},"product_cat":[329],"product_tag":[],"class_list":{"0":"post-111769","1":"product","2":"type-product","3":"status-publish","4":"has-post-thumbnail","6":"product_cat-giftdecor-portafoto","8":"first","9":"instock","10":"product-type-external"},"acf":[],"yoast_head":"<!-- This site is optimized with the Yoast SEO plugin v23.5 - https:\/\/yoast.com\/wordpress\/plugins\/seo\/ -->\n<title>Scritta decorativa home con pianta - Arg\u00f3n<\/title>\n<meta name=\"robots\" content=\"index, follow, max-snippet:-1, max-image-preview:large, max-video-preview:-1\" \/>\n<link rel=\"canonical\" href=\"https:\/\/giftdecor.es\/it\/producto\/scritta-decorativa-home-con-pianta\/\" \/>\n<meta property=\"og:locale\" content=\"it_IT\" \/>\n<meta property=\"og:type\" content=\"article\" \/>\n<meta property=\"og:title\" content=\"Scritta decorativa home con pianta - Arg\u00f3n\" \/>\n<meta property=\"og:description\" content=\"Scritta decorativa home con pianta\" \/>\n<meta property=\"og:url\" content=\"https:\/\/giftdecor.es\/it\/producto\/scritta-decorativa-home-con-pianta\/\" \/>\n<meta property=\"og:site_name\" content=\"Arg\u00f3n\" \/>\n<meta property=\"article:modified_time\" content=\"2025-10-08T08:07:34+00:00\" \/>\n<meta property=\"og:image\" content=\"https:\/\/giftdecor.es\/wp-content\/uploads\/66266.jpg\" \/>\n\t<meta property=\"og:image:width\" content=\"1200\" \/>\n\t<meta property=\"og:image:height\" content=\"900\" \/>\n\t<meta property=\"og:image:type\" content=\"image\/jpeg\" \/>\n<meta name=\"twitter:card\" content=\"summary_large_image\" \/>\n<script type=\"application\/ld+json\" class=\"yoast-schema-graph\">{\"@context\":\"https:\/\/schema.org\",\"@graph\":[{\"@type\":\"WebPage\",\"@id\":\"https:\/\/giftdecor.es\/it\/producto\/scritta-decorativa-home-con-pianta\/\",\"url\":\"https:\/\/giftdecor.es\/it\/producto\/scritta-decorativa-home-con-pianta\/\",\"name\":\"Scritta decorativa home con pianta - Arg\u00f3n\",\"isPartOf\":{\"@id\":\"https:\/\/giftdecor.es\/#website\"},\"primaryImageOfPage\":{\"@id\":\"https:\/\/giftdecor.es\/it\/producto\/scritta-decorativa-home-con-pianta\/#primaryimage\"},\"image\":{\"@id\":\"https:\/\/giftdecor.es\/it\/producto\/scritta-decorativa-home-con-pianta\/#primaryimage\"},\"thumbnailUrl\":\"https:\/\/giftdecor.es\/wp-content\/uploads\/66266.jpg\",\"datePublished\":\"2023-12-25T07:53:16+00:00\",\"dateModified\":\"2025-10-08T08:07:34+00:00\",\"breadcrumb\":{\"@id\":\"https:\/\/giftdecor.es\/it\/producto\/scritta-decorativa-home-con-pianta\/#breadcrumb\"},\"inLanguage\":\"it-IT\",\"potentialAction\":[{\"@type\":\"ReadAction\",\"target\":[\"https:\/\/giftdecor.es\/it\/producto\/scritta-decorativa-home-con-pianta\/\"]}]},{\"@type\":\"ImageObject\",\"inLanguage\":\"it-IT\",\"@id\":\"https:\/\/giftdecor.es\/it\/producto\/scritta-decorativa-home-con-pianta\/#primaryimage\",\"url\":\"https:\/\/giftdecor.es\/wp-content\/uploads\/66266.jpg\",\"contentUrl\":\"https:\/\/giftdecor.es\/wp-content\/uploads\/66266.jpg\",\"width\":1200,\"height\":900},{\"@type\":\"BreadcrumbList\",\"@id\":\"https:\/\/giftdecor.es\/it\/producto\/scritta-decorativa-home-con-pianta\/#breadcrumb\",\"itemListElement\":[{\"@type\":\"ListItem\",\"position\":1,\"name\":\"Portada\",\"item\":\"https:\/\/giftdecor.es\/it\/\"},{\"@type\":\"ListItem\",\"position\":2,\"name\":\"Negozio\",\"item\":\"https:\/\/giftdecor.es\/it\/\"},{\"@type\":\"ListItem\",\"position\":3,\"name\":\"Scritta decorativa home con pianta\"}]},{\"@type\":\"WebSite\",\"@id\":\"https:\/\/giftdecor.es\/#website\",\"url\":\"https:\/\/giftdecor.es\/\",\"name\":\"Arg\u00f3n\",\"description\":\"Peque\u00f1o electrodom\u00e9stico\",\"potentialAction\":[{\"@type\":\"SearchAction\",\"target\":{\"@type\":\"EntryPoint\",\"urlTemplate\":\"https:\/\/giftdecor.es\/?s={search_term_string}\"},\"query-input\":{\"@type\":\"PropertyValueSpecification\",\"valueRequired\":true,\"valueName\":\"search_term_string\"}}],\"inLanguage\":\"it-IT\"}]}<\/script>\n<!-- \/ Yoast SEO plugin. -->","yoast_head_json":{"title":"Scritta decorativa home con pianta - Arg\u00f3n","robots":{"index":"index","follow":"follow","max-snippet":"max-snippet:-1","max-image-preview":"max-image-preview:large","max-video-preview":"max-video-preview:-1"},"canonical":"https:\/\/giftdecor.es\/it\/producto\/scritta-decorativa-home-con-pianta\/","og_locale":"it_IT","og_type":"article","og_title":"Scritta decorativa home con pianta - Arg\u00f3n","og_description":"Scritta decorativa home con pianta","og_url":"https:\/\/giftdecor.es\/it\/producto\/scritta-decorativa-home-con-pianta\/","og_site_name":"Arg\u00f3n","article_modified_time":"2025-10-08T08:07:34+00:00","og_image":[{"width":1200,"height":900,"url":"https:\/\/giftdecor.es\/wp-content\/uploads\/66266.jpg","type":"image\/jpeg"}],"twitter_card":"summary_large_image","schema":{"@context":"https:\/\/schema.org","@graph":[{"@type":"WebPage","@id":"https:\/\/giftdecor.es\/it\/producto\/scritta-decorativa-home-con-pianta\/","url":"https:\/\/giftdecor.es\/it\/producto\/scritta-decorativa-home-con-pianta\/","name":"Scritta decorativa home con pianta - Arg\u00f3n","isPartOf":{"@id":"https:\/\/giftdecor.es\/#website"},"primaryImageOfPage":{"@id":"https:\/\/giftdecor.es\/it\/producto\/scritta-decorativa-home-con-pianta\/#primaryimage"},"image":{"@id":"https:\/\/giftdecor.es\/it\/producto\/scritta-decorativa-home-con-pianta\/#primaryimage"},"thumbnailUrl":"https:\/\/giftdecor.es\/wp-content\/uploads\/66266.jpg","datePublished":"2023-12-25T07:53:16+00:00","dateModified":"2025-10-08T08:07:34+00:00","breadcrumb":{"@id":"https:\/\/giftdecor.es\/it\/producto\/scritta-decorativa-home-con-pianta\/#breadcrumb"},"inLanguage":"it-IT","potentialAction":[{"@type":"ReadAction","target":["https:\/\/giftdecor.es\/it\/producto\/scritta-decorativa-home-con-pianta\/"]}]},{"@type":"ImageObject","inLanguage":"it-IT","@id":"https:\/\/giftdecor.es\/it\/producto\/scritta-decorativa-home-con-pianta\/#primaryimage","url":"https:\/\/giftdecor.es\/wp-content\/uploads\/66266.jpg","contentUrl":"https:\/\/giftdecor.es\/wp-content\/uploads\/66266.jpg","width":1200,"height":900},{"@type":"BreadcrumbList","@id":"https:\/\/giftdecor.es\/it\/producto\/scritta-decorativa-home-con-pianta\/#breadcrumb","itemListElement":[{"@type":"ListItem","position":1,"name":"Portada","item":"https:\/\/giftdecor.es\/it\/"},{"@type":"ListItem","position":2,"name":"Negozio","item":"https:\/\/giftdecor.es\/it\/"},{"@type":"ListItem","position":3,"name":"Scritta decorativa home con pianta"}]},{"@type":"WebSite","@id":"https:\/\/giftdecor.es\/#website","url":"https:\/\/giftdecor.es\/","name":"Arg\u00f3n","description":"Peque\u00f1o electrodom\u00e9stico","potentialAction":[{"@type":"SearchAction","target":{"@type":"EntryPoint","urlTemplate":"https:\/\/giftdecor.es\/?s={search_term_string}"},"query-input":{"@type":"PropertyValueSpecification","valueRequired":true,"valueName":"search_term_string"}}],"inLanguage":"it-IT"}]}},"_links":{"self":[{"href":"https:\/\/giftdecor.es\/it\/wp-json\/wp\/v2\/product\/111769","targetHints":{"allow":["GET"]}}],"collection":[{"href":"https:\/\/giftdecor.es\/it\/wp-json\/wp\/v2\/product"}],"about":[{"href":"https:\/\/giftdecor.es\/it\/wp-json\/wp\/v2\/types\/product"}],"replies":[{"embeddable":true,"href":"https:\/\/giftdecor.es\/it\/wp-json\/wp\/v2\/comments?post=111769"}],"wp:featuredmedia":[{"embeddable":true,"href":"https:\/\/giftdecor.es\/it\/wp-json\/wp\/v2\/media\/108425"}],"wp:attachment":[{"href":"https:\/\/giftdecor.es\/it\/wp-json\/wp\/v2\/media?parent=111769"}],"wp:term":[{"taxonomy":"product_cat","embeddable":true,"href":"https:\/\/giftdecor.es\/it\/wp-json\/wp\/v2\/product_cat?post=111769"},{"taxonomy":"product_tag","embeddable":true,"href":"https:\/\/giftdecor.es\/it\/wp-json\/wp\/v2\/product_tag?post=111769"}],"curies":[{"name":"wp","href":"https:\/\/api.w.org\/{rel}","templated":true}]}}