{"id":109306,"date":"2023-11-13T08:31:27","date_gmt":"2023-11-13T07:31:27","guid":{"rendered":"https:\/\/giftdecor.es\/producto\/vaso-mazzo-grano-picc-3-colori-assort\/"},"modified":"2025-10-01T10:41:32","modified_gmt":"2025-10-01T08:41:32","slug":"vaso-mazzo-grano-picc-3-colori-assort","status":"publish","type":"product","link":"https:\/\/giftdecor.es\/it\/producto\/vaso-mazzo-grano-picc-3-colori-assort\/","title":{"rendered":"Vaso mazzo grano picc 3 colori assort"},"content":{"rendered":"<p><span style=\"vertical-align: inherit;\"><span style=\"vertical-align: inherit;\">Vaso mazzo grano picc 3 colori assort<\/span><\/span><\/p>\n","protected":false},"excerpt":{"rendered":"<p>Vaso mazzo grano picc 3 colori assort<\/p>\n","protected":false},"featured_media":93087,"comment_status":"closed","ping_status":"open","template":"","meta":{"_acf_changed":false},"product_cat":[326,327],"product_tag":[328],"class_list":{"0":"post-109306","1":"product","2":"type-product","3":"status-publish","4":"has-post-thumbnail","6":"product_cat-giftdecor-fiori-secche-e-arredamento-dec","7":"product_cat-rametti-e-accessori","8":"product_tag-rametti-e-accessori","10":"first","11":"instock","12":"product-type-external"},"acf":[],"yoast_head":"<!-- This site is optimized with the Yoast SEO plugin v23.5 - https:\/\/yoast.com\/wordpress\/plugins\/seo\/ -->\n<title>Vaso mazzo grano picc 3 colori assort - Arg\u00f3n<\/title>\n<meta name=\"robots\" content=\"index, follow, max-snippet:-1, max-image-preview:large, max-video-preview:-1\" \/>\n<link rel=\"canonical\" href=\"https:\/\/giftdecor.es\/it\/producto\/vaso-mazzo-grano-picc-3-colori-assort\/\" \/>\n<meta property=\"og:locale\" content=\"it_IT\" \/>\n<meta property=\"og:type\" content=\"article\" \/>\n<meta property=\"og:title\" content=\"Vaso mazzo grano picc 3 colori assort - Arg\u00f3n\" \/>\n<meta property=\"og:description\" content=\"Vaso mazzo grano picc 3 colori assort\" \/>\n<meta property=\"og:url\" content=\"https:\/\/giftdecor.es\/it\/producto\/vaso-mazzo-grano-picc-3-colori-assort\/\" \/>\n<meta property=\"og:site_name\" content=\"Arg\u00f3n\" \/>\n<meta property=\"article:modified_time\" content=\"2025-10-01T08:41:32+00:00\" \/>\n<meta property=\"og:image\" content=\"https:\/\/giftdecor.es\/wp-content\/uploads\/90838.jpg\" \/>\n\t<meta property=\"og:image:width\" content=\"1200\" \/>\n\t<meta property=\"og:image:height\" content=\"900\" \/>\n\t<meta property=\"og:image:type\" content=\"image\/jpeg\" \/>\n<meta name=\"twitter:card\" content=\"summary_large_image\" \/>\n<script type=\"application\/ld+json\" class=\"yoast-schema-graph\">{\"@context\":\"https:\/\/schema.org\",\"@graph\":[{\"@type\":\"WebPage\",\"@id\":\"https:\/\/giftdecor.es\/it\/producto\/vaso-mazzo-grano-picc-3-colori-assort\/\",\"url\":\"https:\/\/giftdecor.es\/it\/producto\/vaso-mazzo-grano-picc-3-colori-assort\/\",\"name\":\"Vaso mazzo grano picc 3 colori assort - Arg\u00f3n\",\"isPartOf\":{\"@id\":\"https:\/\/giftdecor.es\/#website\"},\"primaryImageOfPage\":{\"@id\":\"https:\/\/giftdecor.es\/it\/producto\/vaso-mazzo-grano-picc-3-colori-assort\/#primaryimage\"},\"image\":{\"@id\":\"https:\/\/giftdecor.es\/it\/producto\/vaso-mazzo-grano-picc-3-colori-assort\/#primaryimage\"},\"thumbnailUrl\":\"https:\/\/giftdecor.es\/wp-content\/uploads\/90838.jpg\",\"datePublished\":\"2023-11-13T07:31:27+00:00\",\"dateModified\":\"2025-10-01T08:41:32+00:00\",\"breadcrumb\":{\"@id\":\"https:\/\/giftdecor.es\/it\/producto\/vaso-mazzo-grano-picc-3-colori-assort\/#breadcrumb\"},\"inLanguage\":\"it-IT\",\"potentialAction\":[{\"@type\":\"ReadAction\",\"target\":[\"https:\/\/giftdecor.es\/it\/producto\/vaso-mazzo-grano-picc-3-colori-assort\/\"]}]},{\"@type\":\"ImageObject\",\"inLanguage\":\"it-IT\",\"@id\":\"https:\/\/giftdecor.es\/it\/producto\/vaso-mazzo-grano-picc-3-colori-assort\/#primaryimage\",\"url\":\"https:\/\/giftdecor.es\/wp-content\/uploads\/90838.jpg\",\"contentUrl\":\"https:\/\/giftdecor.es\/wp-content\/uploads\/90838.jpg\",\"width\":1200,\"height\":900},{\"@type\":\"BreadcrumbList\",\"@id\":\"https:\/\/giftdecor.es\/it\/producto\/vaso-mazzo-grano-picc-3-colori-assort\/#breadcrumb\",\"itemListElement\":[{\"@type\":\"ListItem\",\"position\":1,\"name\":\"Portada\",\"item\":\"https:\/\/giftdecor.es\/it\/\"},{\"@type\":\"ListItem\",\"position\":2,\"name\":\"Negozio\",\"item\":\"https:\/\/giftdecor.es\/it\/\"},{\"@type\":\"ListItem\",\"position\":3,\"name\":\"Vaso mazzo grano picc 3 colori assort\"}]},{\"@type\":\"WebSite\",\"@id\":\"https:\/\/giftdecor.es\/#website\",\"url\":\"https:\/\/giftdecor.es\/\",\"name\":\"Arg\u00f3n\",\"description\":\"Peque\u00f1o electrodom\u00e9stico\",\"potentialAction\":[{\"@type\":\"SearchAction\",\"target\":{\"@type\":\"EntryPoint\",\"urlTemplate\":\"https:\/\/giftdecor.es\/?s={search_term_string}\"},\"query-input\":{\"@type\":\"PropertyValueSpecification\",\"valueRequired\":true,\"valueName\":\"search_term_string\"}}],\"inLanguage\":\"it-IT\"}]}<\/script>\n<!-- \/ Yoast SEO plugin. -->","yoast_head_json":{"title":"Vaso mazzo grano picc 3 colori assort - Arg\u00f3n","robots":{"index":"index","follow":"follow","max-snippet":"max-snippet:-1","max-image-preview":"max-image-preview:large","max-video-preview":"max-video-preview:-1"},"canonical":"https:\/\/giftdecor.es\/it\/producto\/vaso-mazzo-grano-picc-3-colori-assort\/","og_locale":"it_IT","og_type":"article","og_title":"Vaso mazzo grano picc 3 colori assort - Arg\u00f3n","og_description":"Vaso mazzo grano picc 3 colori assort","og_url":"https:\/\/giftdecor.es\/it\/producto\/vaso-mazzo-grano-picc-3-colori-assort\/","og_site_name":"Arg\u00f3n","article_modified_time":"2025-10-01T08:41:32+00:00","og_image":[{"width":1200,"height":900,"url":"https:\/\/giftdecor.es\/wp-content\/uploads\/90838.jpg","type":"image\/jpeg"}],"twitter_card":"summary_large_image","schema":{"@context":"https:\/\/schema.org","@graph":[{"@type":"WebPage","@id":"https:\/\/giftdecor.es\/it\/producto\/vaso-mazzo-grano-picc-3-colori-assort\/","url":"https:\/\/giftdecor.es\/it\/producto\/vaso-mazzo-grano-picc-3-colori-assort\/","name":"Vaso mazzo grano picc 3 colori assort - Arg\u00f3n","isPartOf":{"@id":"https:\/\/giftdecor.es\/#website"},"primaryImageOfPage":{"@id":"https:\/\/giftdecor.es\/it\/producto\/vaso-mazzo-grano-picc-3-colori-assort\/#primaryimage"},"image":{"@id":"https:\/\/giftdecor.es\/it\/producto\/vaso-mazzo-grano-picc-3-colori-assort\/#primaryimage"},"thumbnailUrl":"https:\/\/giftdecor.es\/wp-content\/uploads\/90838.jpg","datePublished":"2023-11-13T07:31:27+00:00","dateModified":"2025-10-01T08:41:32+00:00","breadcrumb":{"@id":"https:\/\/giftdecor.es\/it\/producto\/vaso-mazzo-grano-picc-3-colori-assort\/#breadcrumb"},"inLanguage":"it-IT","potentialAction":[{"@type":"ReadAction","target":["https:\/\/giftdecor.es\/it\/producto\/vaso-mazzo-grano-picc-3-colori-assort\/"]}]},{"@type":"ImageObject","inLanguage":"it-IT","@id":"https:\/\/giftdecor.es\/it\/producto\/vaso-mazzo-grano-picc-3-colori-assort\/#primaryimage","url":"https:\/\/giftdecor.es\/wp-content\/uploads\/90838.jpg","contentUrl":"https:\/\/giftdecor.es\/wp-content\/uploads\/90838.jpg","width":1200,"height":900},{"@type":"BreadcrumbList","@id":"https:\/\/giftdecor.es\/it\/producto\/vaso-mazzo-grano-picc-3-colori-assort\/#breadcrumb","itemListElement":[{"@type":"ListItem","position":1,"name":"Portada","item":"https:\/\/giftdecor.es\/it\/"},{"@type":"ListItem","position":2,"name":"Negozio","item":"https:\/\/giftdecor.es\/it\/"},{"@type":"ListItem","position":3,"name":"Vaso mazzo grano picc 3 colori assort"}]},{"@type":"WebSite","@id":"https:\/\/giftdecor.es\/#website","url":"https:\/\/giftdecor.es\/","name":"Arg\u00f3n","description":"Peque\u00f1o electrodom\u00e9stico","potentialAction":[{"@type":"SearchAction","target":{"@type":"EntryPoint","urlTemplate":"https:\/\/giftdecor.es\/?s={search_term_string}"},"query-input":{"@type":"PropertyValueSpecification","valueRequired":true,"valueName":"search_term_string"}}],"inLanguage":"it-IT"}]}},"_links":{"self":[{"href":"https:\/\/giftdecor.es\/it\/wp-json\/wp\/v2\/product\/109306","targetHints":{"allow":["GET"]}}],"collection":[{"href":"https:\/\/giftdecor.es\/it\/wp-json\/wp\/v2\/product"}],"about":[{"href":"https:\/\/giftdecor.es\/it\/wp-json\/wp\/v2\/types\/product"}],"replies":[{"embeddable":true,"href":"https:\/\/giftdecor.es\/it\/wp-json\/wp\/v2\/comments?post=109306"}],"wp:featuredmedia":[{"embeddable":true,"href":"https:\/\/giftdecor.es\/it\/wp-json\/wp\/v2\/media\/93087"}],"wp:attachment":[{"href":"https:\/\/giftdecor.es\/it\/wp-json\/wp\/v2\/media?parent=109306"}],"wp:term":[{"taxonomy":"product_cat","embeddable":true,"href":"https:\/\/giftdecor.es\/it\/wp-json\/wp\/v2\/product_cat?post=109306"},{"taxonomy":"product_tag","embeddable":true,"href":"https:\/\/giftdecor.es\/it\/wp-json\/wp\/v2\/product_tag?post=109306"}],"curies":[{"name":"wp","href":"https:\/\/api.w.org\/{rel}","templated":true}]}}