{"id":105451,"date":"2023-10-09T09:53:32","date_gmt":"2023-10-09T07:53:32","guid":{"rendered":"https:\/\/giftdecor.es\/producto\/set-2-bauli-quadri-alto\/"},"modified":"2023-10-09T09:53:32","modified_gmt":"2023-10-09T07:53:32","slug":"set-2-bauli-quadri-alto","status":"publish","type":"product","link":"https:\/\/giftdecor.es\/it\/producto\/set-2-bauli-quadri-alto\/","title":{"rendered":"Set 2 bauli quadri alto"},"content":{"rendered":"<p><span style=\"vertical-align: inherit;\"><span style=\"vertical-align: inherit;\">Set 2 bauli quadri alto<\/span><\/span><\/p>\n","protected":false},"excerpt":{"rendered":"<p>Set 2 bauli quadri alto<\/p>\n","protected":false},"featured_media":80813,"comment_status":"closed","ping_status":"open","template":"","meta":{"_acf_changed":false},"product_cat":[308,418],"product_tag":[419],"class_list":{"0":"post-105451","1":"product","2":"type-product","3":"status-publish","4":"has-post-thumbnail","6":"product_cat-giftdecor-mobili-ausiliari","7":"product_cat-puff-e-contenitori","8":"product_tag-puff-e-contenitori","10":"first","11":"instock","12":"product-type-external"},"acf":[],"yoast_head":"<!-- This site is optimized with the Yoast SEO plugin v23.5 - https:\/\/yoast.com\/wordpress\/plugins\/seo\/ -->\n<title>Set 2 bauli quadri alto - Arg\u00f3n<\/title>\n<meta name=\"robots\" content=\"index, follow, max-snippet:-1, max-image-preview:large, max-video-preview:-1\" \/>\n<link rel=\"canonical\" href=\"https:\/\/giftdecor.es\/it\/producto\/set-2-bauli-quadri-alto\/\" \/>\n<meta property=\"og:locale\" content=\"it_IT\" \/>\n<meta property=\"og:type\" content=\"article\" \/>\n<meta property=\"og:title\" content=\"Set 2 bauli quadri alto - Arg\u00f3n\" \/>\n<meta property=\"og:description\" content=\"Set 2 bauli quadri alto\" \/>\n<meta property=\"og:url\" content=\"https:\/\/giftdecor.es\/it\/producto\/set-2-bauli-quadri-alto\/\" \/>\n<meta property=\"og:site_name\" content=\"Arg\u00f3n\" \/>\n<meta property=\"og:image\" content=\"https:\/\/giftdecor.es\/wp-content\/uploads\/81498.jpg\" \/>\n\t<meta property=\"og:image:width\" content=\"1200\" \/>\n\t<meta property=\"og:image:height\" content=\"900\" \/>\n\t<meta property=\"og:image:type\" content=\"image\/jpeg\" \/>\n<meta name=\"twitter:card\" content=\"summary_large_image\" \/>\n<script type=\"application\/ld+json\" class=\"yoast-schema-graph\">{\"@context\":\"https:\/\/schema.org\",\"@graph\":[{\"@type\":\"WebPage\",\"@id\":\"https:\/\/giftdecor.es\/it\/producto\/set-2-bauli-quadri-alto\/\",\"url\":\"https:\/\/giftdecor.es\/it\/producto\/set-2-bauli-quadri-alto\/\",\"name\":\"Set 2 bauli quadri alto - Arg\u00f3n\",\"isPartOf\":{\"@id\":\"https:\/\/giftdecor.es\/#website\"},\"primaryImageOfPage\":{\"@id\":\"https:\/\/giftdecor.es\/it\/producto\/set-2-bauli-quadri-alto\/#primaryimage\"},\"image\":{\"@id\":\"https:\/\/giftdecor.es\/it\/producto\/set-2-bauli-quadri-alto\/#primaryimage\"},\"thumbnailUrl\":\"https:\/\/giftdecor.es\/wp-content\/uploads\/81498.jpg\",\"datePublished\":\"2023-10-09T07:53:32+00:00\",\"dateModified\":\"2023-10-09T07:53:32+00:00\",\"breadcrumb\":{\"@id\":\"https:\/\/giftdecor.es\/it\/producto\/set-2-bauli-quadri-alto\/#breadcrumb\"},\"inLanguage\":\"it-IT\",\"potentialAction\":[{\"@type\":\"ReadAction\",\"target\":[\"https:\/\/giftdecor.es\/it\/producto\/set-2-bauli-quadri-alto\/\"]}]},{\"@type\":\"ImageObject\",\"inLanguage\":\"it-IT\",\"@id\":\"https:\/\/giftdecor.es\/it\/producto\/set-2-bauli-quadri-alto\/#primaryimage\",\"url\":\"https:\/\/giftdecor.es\/wp-content\/uploads\/81498.jpg\",\"contentUrl\":\"https:\/\/giftdecor.es\/wp-content\/uploads\/81498.jpg\",\"width\":1200,\"height\":900},{\"@type\":\"BreadcrumbList\",\"@id\":\"https:\/\/giftdecor.es\/it\/producto\/set-2-bauli-quadri-alto\/#breadcrumb\",\"itemListElement\":[{\"@type\":\"ListItem\",\"position\":1,\"name\":\"Portada\",\"item\":\"https:\/\/giftdecor.es\/it\/\"},{\"@type\":\"ListItem\",\"position\":2,\"name\":\"Negozio\",\"item\":\"https:\/\/giftdecor.es\/it\/\"},{\"@type\":\"ListItem\",\"position\":3,\"name\":\"Set 2 bauli quadri alto\"}]},{\"@type\":\"WebSite\",\"@id\":\"https:\/\/giftdecor.es\/#website\",\"url\":\"https:\/\/giftdecor.es\/\",\"name\":\"Arg\u00f3n\",\"description\":\"Peque\u00f1o electrodom\u00e9stico\",\"potentialAction\":[{\"@type\":\"SearchAction\",\"target\":{\"@type\":\"EntryPoint\",\"urlTemplate\":\"https:\/\/giftdecor.es\/?s={search_term_string}\"},\"query-input\":{\"@type\":\"PropertyValueSpecification\",\"valueRequired\":true,\"valueName\":\"search_term_string\"}}],\"inLanguage\":\"it-IT\"}]}<\/script>\n<!-- \/ Yoast SEO plugin. -->","yoast_head_json":{"title":"Set 2 bauli quadri alto - Arg\u00f3n","robots":{"index":"index","follow":"follow","max-snippet":"max-snippet:-1","max-image-preview":"max-image-preview:large","max-video-preview":"max-video-preview:-1"},"canonical":"https:\/\/giftdecor.es\/it\/producto\/set-2-bauli-quadri-alto\/","og_locale":"it_IT","og_type":"article","og_title":"Set 2 bauli quadri alto - Arg\u00f3n","og_description":"Set 2 bauli quadri alto","og_url":"https:\/\/giftdecor.es\/it\/producto\/set-2-bauli-quadri-alto\/","og_site_name":"Arg\u00f3n","og_image":[{"width":1200,"height":900,"url":"https:\/\/giftdecor.es\/wp-content\/uploads\/81498.jpg","type":"image\/jpeg"}],"twitter_card":"summary_large_image","schema":{"@context":"https:\/\/schema.org","@graph":[{"@type":"WebPage","@id":"https:\/\/giftdecor.es\/it\/producto\/set-2-bauli-quadri-alto\/","url":"https:\/\/giftdecor.es\/it\/producto\/set-2-bauli-quadri-alto\/","name":"Set 2 bauli quadri alto - Arg\u00f3n","isPartOf":{"@id":"https:\/\/giftdecor.es\/#website"},"primaryImageOfPage":{"@id":"https:\/\/giftdecor.es\/it\/producto\/set-2-bauli-quadri-alto\/#primaryimage"},"image":{"@id":"https:\/\/giftdecor.es\/it\/producto\/set-2-bauli-quadri-alto\/#primaryimage"},"thumbnailUrl":"https:\/\/giftdecor.es\/wp-content\/uploads\/81498.jpg","datePublished":"2023-10-09T07:53:32+00:00","dateModified":"2023-10-09T07:53:32+00:00","breadcrumb":{"@id":"https:\/\/giftdecor.es\/it\/producto\/set-2-bauli-quadri-alto\/#breadcrumb"},"inLanguage":"it-IT","potentialAction":[{"@type":"ReadAction","target":["https:\/\/giftdecor.es\/it\/producto\/set-2-bauli-quadri-alto\/"]}]},{"@type":"ImageObject","inLanguage":"it-IT","@id":"https:\/\/giftdecor.es\/it\/producto\/set-2-bauli-quadri-alto\/#primaryimage","url":"https:\/\/giftdecor.es\/wp-content\/uploads\/81498.jpg","contentUrl":"https:\/\/giftdecor.es\/wp-content\/uploads\/81498.jpg","width":1200,"height":900},{"@type":"BreadcrumbList","@id":"https:\/\/giftdecor.es\/it\/producto\/set-2-bauli-quadri-alto\/#breadcrumb","itemListElement":[{"@type":"ListItem","position":1,"name":"Portada","item":"https:\/\/giftdecor.es\/it\/"},{"@type":"ListItem","position":2,"name":"Negozio","item":"https:\/\/giftdecor.es\/it\/"},{"@type":"ListItem","position":3,"name":"Set 2 bauli quadri alto"}]},{"@type":"WebSite","@id":"https:\/\/giftdecor.es\/#website","url":"https:\/\/giftdecor.es\/","name":"Arg\u00f3n","description":"Peque\u00f1o electrodom\u00e9stico","potentialAction":[{"@type":"SearchAction","target":{"@type":"EntryPoint","urlTemplate":"https:\/\/giftdecor.es\/?s={search_term_string}"},"query-input":{"@type":"PropertyValueSpecification","valueRequired":true,"valueName":"search_term_string"}}],"inLanguage":"it-IT"}]}},"_links":{"self":[{"href":"https:\/\/giftdecor.es\/it\/wp-json\/wp\/v2\/product\/105451","targetHints":{"allow":["GET"]}}],"collection":[{"href":"https:\/\/giftdecor.es\/it\/wp-json\/wp\/v2\/product"}],"about":[{"href":"https:\/\/giftdecor.es\/it\/wp-json\/wp\/v2\/types\/product"}],"replies":[{"embeddable":true,"href":"https:\/\/giftdecor.es\/it\/wp-json\/wp\/v2\/comments?post=105451"}],"wp:featuredmedia":[{"embeddable":true,"href":"https:\/\/giftdecor.es\/it\/wp-json\/wp\/v2\/media\/80813"}],"wp:attachment":[{"href":"https:\/\/giftdecor.es\/it\/wp-json\/wp\/v2\/media?parent=105451"}],"wp:term":[{"taxonomy":"product_cat","embeddable":true,"href":"https:\/\/giftdecor.es\/it\/wp-json\/wp\/v2\/product_cat?post=105451"},{"taxonomy":"product_tag","embeddable":true,"href":"https:\/\/giftdecor.es\/it\/wp-json\/wp\/v2\/product_tag?post=105451"}],"curies":[{"name":"wp","href":"https:\/\/api.w.org\/{rel}","templated":true}]}}