{"id":100168,"date":"2023-09-19T09:53:01","date_gmt":"2023-09-19T07:53:01","guid":{"rendered":"https:\/\/giftdecor.es\/producto\/base-portacandele-vetro-rotondo-diam-14c\/"},"modified":"2026-04-22T10:08:54","modified_gmt":"2026-04-22T08:08:54","slug":"base-portacandele-vetro-rotondo-diam-14c","status":"publish","type":"product","link":"https:\/\/giftdecor.es\/it\/producto\/base-portacandele-vetro-rotondo-diam-14c\/","title":{"rendered":"Base portacandela vetro rotondo dia 14cm"},"content":{"rendered":"<p><span style=\"vertical-align: inherit;\"><span style=\"vertical-align: inherit;\">Base portacandela vetro rotondo dia 14cm<\/span><\/span><\/p>\n","protected":false},"excerpt":{"rendered":"<p>Base portacandele vetro rotondo diam 14c<\/p>\n","protected":false},"featured_media":71747,"comment_status":"closed","ping_status":"open","template":"","meta":{"_acf_changed":false},"product_cat":[613,305],"product_tag":[614],"class_list":{"0":"post-100168","1":"product","2":"type-product","3":"status-publish","4":"has-post-thumbnail","6":"product_cat-cupole-portacandele-lanterna-e-candele","7":"product_cat-giftdecor-decorazione-casa","8":"product_tag-cupole-portacandele-lanterna-e-candele","10":"first","11":"instock","12":"product-type-external"},"acf":[],"yoast_head":"<!-- This site is optimized with the Yoast SEO plugin v23.5 - https:\/\/yoast.com\/wordpress\/plugins\/seo\/ -->\n<title>Base portacandela vetro rotondo dia 14cm - Arg\u00f3n<\/title>\n<meta name=\"robots\" content=\"index, follow, max-snippet:-1, max-image-preview:large, max-video-preview:-1\" \/>\n<link rel=\"canonical\" href=\"https:\/\/giftdecor.es\/it\/producto\/base-portacandele-vetro-rotondo-diam-14c\/\" \/>\n<meta property=\"og:locale\" content=\"it_IT\" \/>\n<meta property=\"og:type\" content=\"article\" \/>\n<meta property=\"og:title\" content=\"Base portacandela vetro rotondo dia 14cm - Arg\u00f3n\" \/>\n<meta property=\"og:description\" content=\"Base portacandele vetro rotondo diam 14c\" \/>\n<meta property=\"og:url\" content=\"https:\/\/giftdecor.es\/it\/producto\/base-portacandele-vetro-rotondo-diam-14c\/\" \/>\n<meta property=\"og:site_name\" content=\"Arg\u00f3n\" \/>\n<meta property=\"article:modified_time\" content=\"2026-04-22T08:08:54+00:00\" \/>\n<meta property=\"og:image\" content=\"https:\/\/giftdecor.es\/wp-content\/uploads\/28947.jpg\" \/>\n\t<meta property=\"og:image:width\" content=\"640\" \/>\n\t<meta property=\"og:image:height\" content=\"480\" \/>\n\t<meta property=\"og:image:type\" content=\"image\/jpeg\" \/>\n<meta name=\"twitter:card\" content=\"summary_large_image\" \/>\n<script type=\"application\/ld+json\" class=\"yoast-schema-graph\">{\"@context\":\"https:\/\/schema.org\",\"@graph\":[{\"@type\":\"WebPage\",\"@id\":\"https:\/\/giftdecor.es\/it\/producto\/base-portacandele-vetro-rotondo-diam-14c\/\",\"url\":\"https:\/\/giftdecor.es\/it\/producto\/base-portacandele-vetro-rotondo-diam-14c\/\",\"name\":\"Base portacandela vetro rotondo dia 14cm - Arg\u00f3n\",\"isPartOf\":{\"@id\":\"https:\/\/giftdecor.es\/#website\"},\"primaryImageOfPage\":{\"@id\":\"https:\/\/giftdecor.es\/it\/producto\/base-portacandele-vetro-rotondo-diam-14c\/#primaryimage\"},\"image\":{\"@id\":\"https:\/\/giftdecor.es\/it\/producto\/base-portacandele-vetro-rotondo-diam-14c\/#primaryimage\"},\"thumbnailUrl\":\"https:\/\/giftdecor.es\/wp-content\/uploads\/28947.jpg\",\"datePublished\":\"2023-09-19T07:53:01+00:00\",\"dateModified\":\"2026-04-22T08:08:54+00:00\",\"breadcrumb\":{\"@id\":\"https:\/\/giftdecor.es\/it\/producto\/base-portacandele-vetro-rotondo-diam-14c\/#breadcrumb\"},\"inLanguage\":\"it-IT\",\"potentialAction\":[{\"@type\":\"ReadAction\",\"target\":[\"https:\/\/giftdecor.es\/it\/producto\/base-portacandele-vetro-rotondo-diam-14c\/\"]}]},{\"@type\":\"ImageObject\",\"inLanguage\":\"it-IT\",\"@id\":\"https:\/\/giftdecor.es\/it\/producto\/base-portacandele-vetro-rotondo-diam-14c\/#primaryimage\",\"url\":\"https:\/\/giftdecor.es\/wp-content\/uploads\/28947.jpg\",\"contentUrl\":\"https:\/\/giftdecor.es\/wp-content\/uploads\/28947.jpg\",\"width\":640,\"height\":480},{\"@type\":\"BreadcrumbList\",\"@id\":\"https:\/\/giftdecor.es\/it\/producto\/base-portacandele-vetro-rotondo-diam-14c\/#breadcrumb\",\"itemListElement\":[{\"@type\":\"ListItem\",\"position\":1,\"name\":\"Portada\",\"item\":\"https:\/\/giftdecor.es\/it\/\"},{\"@type\":\"ListItem\",\"position\":2,\"name\":\"Negozio\",\"item\":\"https:\/\/giftdecor.es\/it\/\"},{\"@type\":\"ListItem\",\"position\":3,\"name\":\"Base portacandela vetro rotondo dia 14cm\"}]},{\"@type\":\"WebSite\",\"@id\":\"https:\/\/giftdecor.es\/#website\",\"url\":\"https:\/\/giftdecor.es\/\",\"name\":\"Arg\u00f3n\",\"description\":\"Peque\u00f1o electrodom\u00e9stico\",\"potentialAction\":[{\"@type\":\"SearchAction\",\"target\":{\"@type\":\"EntryPoint\",\"urlTemplate\":\"https:\/\/giftdecor.es\/?s={search_term_string}\"},\"query-input\":{\"@type\":\"PropertyValueSpecification\",\"valueRequired\":true,\"valueName\":\"search_term_string\"}}],\"inLanguage\":\"it-IT\"}]}<\/script>\n<!-- \/ Yoast SEO plugin. -->","yoast_head_json":{"title":"Base portacandela vetro rotondo dia 14cm - Arg\u00f3n","robots":{"index":"index","follow":"follow","max-snippet":"max-snippet:-1","max-image-preview":"max-image-preview:large","max-video-preview":"max-video-preview:-1"},"canonical":"https:\/\/giftdecor.es\/it\/producto\/base-portacandele-vetro-rotondo-diam-14c\/","og_locale":"it_IT","og_type":"article","og_title":"Base portacandela vetro rotondo dia 14cm - Arg\u00f3n","og_description":"Base portacandele vetro rotondo diam 14c","og_url":"https:\/\/giftdecor.es\/it\/producto\/base-portacandele-vetro-rotondo-diam-14c\/","og_site_name":"Arg\u00f3n","article_modified_time":"2026-04-22T08:08:54+00:00","og_image":[{"width":640,"height":480,"url":"https:\/\/giftdecor.es\/wp-content\/uploads\/28947.jpg","type":"image\/jpeg"}],"twitter_card":"summary_large_image","schema":{"@context":"https:\/\/schema.org","@graph":[{"@type":"WebPage","@id":"https:\/\/giftdecor.es\/it\/producto\/base-portacandele-vetro-rotondo-diam-14c\/","url":"https:\/\/giftdecor.es\/it\/producto\/base-portacandele-vetro-rotondo-diam-14c\/","name":"Base portacandela vetro rotondo dia 14cm - Arg\u00f3n","isPartOf":{"@id":"https:\/\/giftdecor.es\/#website"},"primaryImageOfPage":{"@id":"https:\/\/giftdecor.es\/it\/producto\/base-portacandele-vetro-rotondo-diam-14c\/#primaryimage"},"image":{"@id":"https:\/\/giftdecor.es\/it\/producto\/base-portacandele-vetro-rotondo-diam-14c\/#primaryimage"},"thumbnailUrl":"https:\/\/giftdecor.es\/wp-content\/uploads\/28947.jpg","datePublished":"2023-09-19T07:53:01+00:00","dateModified":"2026-04-22T08:08:54+00:00","breadcrumb":{"@id":"https:\/\/giftdecor.es\/it\/producto\/base-portacandele-vetro-rotondo-diam-14c\/#breadcrumb"},"inLanguage":"it-IT","potentialAction":[{"@type":"ReadAction","target":["https:\/\/giftdecor.es\/it\/producto\/base-portacandele-vetro-rotondo-diam-14c\/"]}]},{"@type":"ImageObject","inLanguage":"it-IT","@id":"https:\/\/giftdecor.es\/it\/producto\/base-portacandele-vetro-rotondo-diam-14c\/#primaryimage","url":"https:\/\/giftdecor.es\/wp-content\/uploads\/28947.jpg","contentUrl":"https:\/\/giftdecor.es\/wp-content\/uploads\/28947.jpg","width":640,"height":480},{"@type":"BreadcrumbList","@id":"https:\/\/giftdecor.es\/it\/producto\/base-portacandele-vetro-rotondo-diam-14c\/#breadcrumb","itemListElement":[{"@type":"ListItem","position":1,"name":"Portada","item":"https:\/\/giftdecor.es\/it\/"},{"@type":"ListItem","position":2,"name":"Negozio","item":"https:\/\/giftdecor.es\/it\/"},{"@type":"ListItem","position":3,"name":"Base portacandela vetro rotondo dia 14cm"}]},{"@type":"WebSite","@id":"https:\/\/giftdecor.es\/#website","url":"https:\/\/giftdecor.es\/","name":"Arg\u00f3n","description":"Peque\u00f1o electrodom\u00e9stico","potentialAction":[{"@type":"SearchAction","target":{"@type":"EntryPoint","urlTemplate":"https:\/\/giftdecor.es\/?s={search_term_string}"},"query-input":{"@type":"PropertyValueSpecification","valueRequired":true,"valueName":"search_term_string"}}],"inLanguage":"it-IT"}]}},"_links":{"self":[{"href":"https:\/\/giftdecor.es\/it\/wp-json\/wp\/v2\/product\/100168","targetHints":{"allow":["GET"]}}],"collection":[{"href":"https:\/\/giftdecor.es\/it\/wp-json\/wp\/v2\/product"}],"about":[{"href":"https:\/\/giftdecor.es\/it\/wp-json\/wp\/v2\/types\/product"}],"replies":[{"embeddable":true,"href":"https:\/\/giftdecor.es\/it\/wp-json\/wp\/v2\/comments?post=100168"}],"wp:featuredmedia":[{"embeddable":true,"href":"https:\/\/giftdecor.es\/it\/wp-json\/wp\/v2\/media\/71747"}],"wp:attachment":[{"href":"https:\/\/giftdecor.es\/it\/wp-json\/wp\/v2\/media?parent=100168"}],"wp:term":[{"taxonomy":"product_cat","embeddable":true,"href":"https:\/\/giftdecor.es\/it\/wp-json\/wp\/v2\/product_cat?post=100168"},{"taxonomy":"product_tag","embeddable":true,"href":"https:\/\/giftdecor.es\/it\/wp-json\/wp\/v2\/product_tag?post=100168"}],"curies":[{"name":"wp","href":"https:\/\/api.w.org\/{rel}","templated":true}]}}