{"id":116985,"date":"2024-04-23T08:13:36","date_gmt":"2024-04-23T06:13:36","guid":{"rendered":"https:\/\/giftdecor.es\/producto\/velo-argentee-assort-2-modeles-moyen\/"},"modified":"2026-04-03T08:52:30","modified_gmt":"2026-04-03T06:52:30","slug":"velo-argentee-assort-2-modeles-moyen","status":"publish","type":"product","link":"https:\/\/giftdecor.es\/fr\/producto\/velo-argentee-assort-2-modeles-moyen\/","title":{"rendered":"V\u00e9lo argent\u00e9e assort 2 mod\u00e8les moyen"},"content":{"rendered":"<p><span style=\"vertical-align: inherit;\"><span style=\"vertical-align: inherit;\">V\u00e9lo argent\u00e9e assort 2 mod\u00e8les moyen<\/span><\/span><\/p>\n","protected":false},"excerpt":{"rendered":"<p>V\u00e9lo argent\u00e9e assort 2 mod\u00e8les moyen<\/p>\n","protected":false},"featured_media":116717,"comment_status":"closed","ping_status":"open","template":"","meta":{"_acf_changed":false},"product_cat":[556,242],"product_tag":[557],"class_list":{"0":"post-116985","1":"product","2":"type-product","3":"status-publish","4":"has-post-thumbnail","6":"product_cat-figurines-decoratives","7":"product_cat-giftdecor-decoration-maison","8":"product_tag-figurines-decoratives","10":"first","11":"instock","12":"product-type-external"},"acf":[],"yoast_head":"<!-- This site is optimized with the Yoast SEO plugin v23.5 - https:\/\/yoast.com\/wordpress\/plugins\/seo\/ -->\n<title>V\u00e9lo argent\u00e9e assort 2 mod\u00e8les moyen - Giftdecor<\/title>\n<meta name=\"robots\" content=\"index, follow, max-snippet:-1, max-image-preview:large, max-video-preview:-1\" \/>\n<link rel=\"canonical\" href=\"https:\/\/giftdecor.es\/fr\/producto\/velo-argentee-assort-2-modeles-moyen\/\" \/>\n<meta property=\"og:locale\" content=\"fr_FR\" \/>\n<meta property=\"og:type\" content=\"article\" \/>\n<meta property=\"og:title\" content=\"V\u00e9lo argent\u00e9e assort 2 mod\u00e8les moyen - Giftdecor\" \/>\n<meta property=\"og:description\" content=\"V\u00e9lo argent\u00e9e assort 2 mod\u00e8les moyen\" \/>\n<meta property=\"og:url\" content=\"https:\/\/giftdecor.es\/fr\/producto\/velo-argentee-assort-2-modeles-moyen\/\" \/>\n<meta property=\"og:site_name\" content=\"Giftdecor\" \/>\n<meta property=\"article:modified_time\" content=\"2026-04-03T06:52:30+00:00\" \/>\n<meta property=\"og:image\" content=\"https:\/\/giftdecor.es\/wp-content\/uploads\/67021.jpg\" \/>\n\t<meta property=\"og:image:width\" content=\"1200\" \/>\n\t<meta property=\"og:image:height\" content=\"900\" \/>\n\t<meta property=\"og:image:type\" content=\"image\/jpeg\" \/>\n<meta name=\"twitter:card\" content=\"summary_large_image\" \/>\n<script type=\"application\/ld+json\" class=\"yoast-schema-graph\">{\"@context\":\"https:\/\/schema.org\",\"@graph\":[{\"@type\":\"WebPage\",\"@id\":\"https:\/\/giftdecor.es\/fr\/producto\/velo-argentee-assort-2-modeles-moyen\/\",\"url\":\"https:\/\/giftdecor.es\/fr\/producto\/velo-argentee-assort-2-modeles-moyen\/\",\"name\":\"V\u00e9lo argent\u00e9e assort 2 mod\u00e8les moyen - Giftdecor\",\"isPartOf\":{\"@id\":\"https:\/\/giftdecor.es\/#website\"},\"primaryImageOfPage\":{\"@id\":\"https:\/\/giftdecor.es\/fr\/producto\/velo-argentee-assort-2-modeles-moyen\/#primaryimage\"},\"image\":{\"@id\":\"https:\/\/giftdecor.es\/fr\/producto\/velo-argentee-assort-2-modeles-moyen\/#primaryimage\"},\"thumbnailUrl\":\"https:\/\/giftdecor.es\/wp-content\/uploads\/67021.jpg\",\"datePublished\":\"2024-04-23T06:13:36+00:00\",\"dateModified\":\"2026-04-03T06:52:30+00:00\",\"breadcrumb\":{\"@id\":\"https:\/\/giftdecor.es\/fr\/producto\/velo-argentee-assort-2-modeles-moyen\/#breadcrumb\"},\"inLanguage\":\"fr-FR\",\"potentialAction\":[{\"@type\":\"ReadAction\",\"target\":[\"https:\/\/giftdecor.es\/fr\/producto\/velo-argentee-assort-2-modeles-moyen\/\"]}]},{\"@type\":\"ImageObject\",\"inLanguage\":\"fr-FR\",\"@id\":\"https:\/\/giftdecor.es\/fr\/producto\/velo-argentee-assort-2-modeles-moyen\/#primaryimage\",\"url\":\"https:\/\/giftdecor.es\/wp-content\/uploads\/67021.jpg\",\"contentUrl\":\"https:\/\/giftdecor.es\/wp-content\/uploads\/67021.jpg\",\"width\":1200,\"height\":900},{\"@type\":\"BreadcrumbList\",\"@id\":\"https:\/\/giftdecor.es\/fr\/producto\/velo-argentee-assort-2-modeles-moyen\/#breadcrumb\",\"itemListElement\":[{\"@type\":\"ListItem\",\"position\":1,\"name\":\"Portada\",\"item\":\"https:\/\/giftdecor.es\/fr\/\"},{\"@type\":\"ListItem\",\"position\":2,\"name\":\"Boutique\",\"item\":\"https:\/\/giftdecor.es\/fr\/\"},{\"@type\":\"ListItem\",\"position\":3,\"name\":\"V\u00e9lo argent\u00e9e assort 2 mod\u00e8les moyen\"}]},{\"@type\":\"WebSite\",\"@id\":\"https:\/\/giftdecor.es\/#website\",\"url\":\"https:\/\/giftdecor.es\/\",\"name\":\"Giftdecor\",\"description\":\"Productos de decoraci\u00f3n\",\"potentialAction\":[{\"@type\":\"SearchAction\",\"target\":{\"@type\":\"EntryPoint\",\"urlTemplate\":\"https:\/\/giftdecor.es\/?s={search_term_string}\"},\"query-input\":{\"@type\":\"PropertyValueSpecification\",\"valueRequired\":true,\"valueName\":\"search_term_string\"}}],\"inLanguage\":\"fr-FR\"}]}<\/script>\n<!-- \/ Yoast SEO plugin. -->","yoast_head_json":{"title":"V\u00e9lo argent\u00e9e assort 2 mod\u00e8les moyen - Giftdecor","robots":{"index":"index","follow":"follow","max-snippet":"max-snippet:-1","max-image-preview":"max-image-preview:large","max-video-preview":"max-video-preview:-1"},"canonical":"https:\/\/giftdecor.es\/fr\/producto\/velo-argentee-assort-2-modeles-moyen\/","og_locale":"fr_FR","og_type":"article","og_title":"V\u00e9lo argent\u00e9e assort 2 mod\u00e8les moyen - Giftdecor","og_description":"V\u00e9lo argent\u00e9e assort 2 mod\u00e8les moyen","og_url":"https:\/\/giftdecor.es\/fr\/producto\/velo-argentee-assort-2-modeles-moyen\/","og_site_name":"Giftdecor","article_modified_time":"2026-04-03T06:52:30+00:00","og_image":[{"width":1200,"height":900,"url":"https:\/\/giftdecor.es\/wp-content\/uploads\/67021.jpg","type":"image\/jpeg"}],"twitter_card":"summary_large_image","schema":{"@context":"https:\/\/schema.org","@graph":[{"@type":"WebPage","@id":"https:\/\/giftdecor.es\/fr\/producto\/velo-argentee-assort-2-modeles-moyen\/","url":"https:\/\/giftdecor.es\/fr\/producto\/velo-argentee-assort-2-modeles-moyen\/","name":"V\u00e9lo argent\u00e9e assort 2 mod\u00e8les moyen - Giftdecor","isPartOf":{"@id":"https:\/\/giftdecor.es\/#website"},"primaryImageOfPage":{"@id":"https:\/\/giftdecor.es\/fr\/producto\/velo-argentee-assort-2-modeles-moyen\/#primaryimage"},"image":{"@id":"https:\/\/giftdecor.es\/fr\/producto\/velo-argentee-assort-2-modeles-moyen\/#primaryimage"},"thumbnailUrl":"https:\/\/giftdecor.es\/wp-content\/uploads\/67021.jpg","datePublished":"2024-04-23T06:13:36+00:00","dateModified":"2026-04-03T06:52:30+00:00","breadcrumb":{"@id":"https:\/\/giftdecor.es\/fr\/producto\/velo-argentee-assort-2-modeles-moyen\/#breadcrumb"},"inLanguage":"fr-FR","potentialAction":[{"@type":"ReadAction","target":["https:\/\/giftdecor.es\/fr\/producto\/velo-argentee-assort-2-modeles-moyen\/"]}]},{"@type":"ImageObject","inLanguage":"fr-FR","@id":"https:\/\/giftdecor.es\/fr\/producto\/velo-argentee-assort-2-modeles-moyen\/#primaryimage","url":"https:\/\/giftdecor.es\/wp-content\/uploads\/67021.jpg","contentUrl":"https:\/\/giftdecor.es\/wp-content\/uploads\/67021.jpg","width":1200,"height":900},{"@type":"BreadcrumbList","@id":"https:\/\/giftdecor.es\/fr\/producto\/velo-argentee-assort-2-modeles-moyen\/#breadcrumb","itemListElement":[{"@type":"ListItem","position":1,"name":"Portada","item":"https:\/\/giftdecor.es\/fr\/"},{"@type":"ListItem","position":2,"name":"Boutique","item":"https:\/\/giftdecor.es\/fr\/"},{"@type":"ListItem","position":3,"name":"V\u00e9lo argent\u00e9e assort 2 mod\u00e8les moyen"}]},{"@type":"WebSite","@id":"https:\/\/giftdecor.es\/#website","url":"https:\/\/giftdecor.es\/","name":"Giftdecor","description":"Productos de decoraci\u00f3n","potentialAction":[{"@type":"SearchAction","target":{"@type":"EntryPoint","urlTemplate":"https:\/\/giftdecor.es\/?s={search_term_string}"},"query-input":{"@type":"PropertyValueSpecification","valueRequired":true,"valueName":"search_term_string"}}],"inLanguage":"fr-FR"}]}},"_links":{"self":[{"href":"https:\/\/giftdecor.es\/fr\/wp-json\/wp\/v2\/product\/116985","targetHints":{"allow":["GET"]}}],"collection":[{"href":"https:\/\/giftdecor.es\/fr\/wp-json\/wp\/v2\/product"}],"about":[{"href":"https:\/\/giftdecor.es\/fr\/wp-json\/wp\/v2\/types\/product"}],"replies":[{"embeddable":true,"href":"https:\/\/giftdecor.es\/fr\/wp-json\/wp\/v2\/comments?post=116985"}],"wp:featuredmedia":[{"embeddable":true,"href":"https:\/\/giftdecor.es\/fr\/wp-json\/wp\/v2\/media\/116717"}],"wp:attachment":[{"href":"https:\/\/giftdecor.es\/fr\/wp-json\/wp\/v2\/media?parent=116985"}],"wp:term":[{"taxonomy":"product_cat","embeddable":true,"href":"https:\/\/giftdecor.es\/fr\/wp-json\/wp\/v2\/product_cat?post=116985"},{"taxonomy":"product_tag","embeddable":true,"href":"https:\/\/giftdecor.es\/fr\/wp-json\/wp\/v2\/product_tag?post=116985"}],"curies":[{"name":"wp","href":"https:\/\/api.w.org\/{rel}","templated":true}]}}